{"id":3135,"date":"2022-07-01T10:46:59","date_gmt":"2022-07-01T10:46:59","guid":{"rendered":"https:\/\/www.cautex.com\/producto\/tuyaux-echappement"},"modified":"2022-07-01T10:46:59","modified_gmt":"2022-07-01T10:46:59","slug":"tuyaux-echappement","status":"publish","type":"product","link":"https:\/\/dev.cautex.com\/fr\/producto\/tuyaux-echappement\/","title":{"rendered":"TUYAUX ECHAPPEMENT"},"content":{"rendered":"<p>Tuyaux m\u00e9talliques flexibles (sans amiante), fabriqu\u00e9s en feuillard en acier sp\u00e9cial pour les tuyaux d&rsquo;\u00e9chappements des moteurs \u00e0 explosion, le chauffage, la conduction d&rsquo;air, les gaz chauds et froids, et pour d&rsquo;autres utilisations industrielles.<\/p>\n","protected":false},"excerpt":{"rendered":"<p>Tuyaux m\u00e9talliques flexibles (sans amiante), fabriqu\u00e9s en feuillard en acier sp\u00e9cial pour les tuyaux d&rsquo;\u00e9chappements des moteurs \u00e0 explosion, le chauffage, la conduction d&rsquo;air, les gaz chauds et froids, et pour d&rsquo;autres utilisations industrielles.<\/p>\n","protected":false},"featured_media":1874,"comment_status":"open","ping_status":"closed","template":"","meta":[],"product_cat":[508,503],"product_tag":[154],"_links":{"self":[{"href":"https:\/\/dev.cautex.com\/fr\/wp-json\/wp\/v2\/product\/3135"}],"collection":[{"href":"https:\/\/dev.cautex.com\/fr\/wp-json\/wp\/v2\/product"}],"about":[{"href":"https:\/\/dev.cautex.com\/fr\/wp-json\/wp\/v2\/types\/product"}],"replies":[{"embeddable":true,"href":"https:\/\/dev.cautex.com\/fr\/wp-json\/wp\/v2\/comments?post=3135"}],"wp:featuredmedia":[{"embeddable":true,"href":"https:\/\/dev.cautex.com\/fr\/wp-json\/wp\/v2\/media\/1874"}],"wp:attachment":[{"href":"https:\/\/dev.cautex.com\/fr\/wp-json\/wp\/v2\/media?parent=3135"}],"wp:term":[{"taxonomy":"product_cat","embeddable":true,"href":"https:\/\/dev.cautex.com\/fr\/wp-json\/wp\/v2\/product_cat?post=3135"},{"taxonomy":"product_tag","embeddable":true,"href":"https:\/\/dev.cautex.com\/fr\/wp-json\/wp\/v2\/product_tag?post=3135"}],"curies":[{"name":"wp","href":"https:\/\/api.w.org\/{rel}","templated":true}]}}