{"id":3134,"date":"2022-07-06T08:42:08","date_gmt":"2022-07-06T08:42:08","guid":{"rendered":"https:\/\/www.cautex.com\/producto\/interrupteur"},"modified":"2022-07-18T08:11:57","modified_gmt":"2022-07-18T08:11:57","slug":"interrupteur","status":"publish","type":"product","link":"https:\/\/dev.cautex.com\/fr\/producto\/interrupteur\/","title":{"rendered":"INTERRUPTEUR"},"content":{"rendered":"<p>Les interrupteurs \u00e9lectriques sont des dispositifs qui servent \u00e0 d\u00e9vier ou faire fonction d&rsquo;obstacle contre le flux du courant \u00e9lectrique tels que les feux de recul, l&rsquo;allumage et le freinage&#8230;<\/p>\n","protected":false},"excerpt":{"rendered":"<p>Les interrupteurs \u00e9lectriques sont des dispositifs qui servent \u00e0 d\u00e9vier ou faire fonction d&rsquo;obstacle contre le flux du courant \u00e9lectrique tels que les feux de recul, l&rsquo;allumage et le freinage&#8230;<\/p>\n","protected":false},"featured_media":3928,"comment_status":"open","ping_status":"closed","template":"","meta":[],"product_cat":[515,519],"product_tag":[207],"_links":{"self":[{"href":"https:\/\/dev.cautex.com\/fr\/wp-json\/wp\/v2\/product\/3134"}],"collection":[{"href":"https:\/\/dev.cautex.com\/fr\/wp-json\/wp\/v2\/product"}],"about":[{"href":"https:\/\/dev.cautex.com\/fr\/wp-json\/wp\/v2\/types\/product"}],"replies":[{"embeddable":true,"href":"https:\/\/dev.cautex.com\/fr\/wp-json\/wp\/v2\/comments?post=3134"}],"wp:featuredmedia":[{"embeddable":true,"href":"https:\/\/dev.cautex.com\/fr\/wp-json\/wp\/v2\/media\/3928"}],"wp:attachment":[{"href":"https:\/\/dev.cautex.com\/fr\/wp-json\/wp\/v2\/media?parent=3134"}],"wp:term":[{"taxonomy":"product_cat","embeddable":true,"href":"https:\/\/dev.cautex.com\/fr\/wp-json\/wp\/v2\/product_cat?post=3134"},{"taxonomy":"product_tag","embeddable":true,"href":"https:\/\/dev.cautex.com\/fr\/wp-json\/wp\/v2\/product_tag?post=3134"}],"curies":[{"name":"wp","href":"https:\/\/api.w.org\/{rel}","templated":true}]}}