{"id":3133,"date":"2022-07-04T08:35:45","date_gmt":"2022-07-04T08:35:45","guid":{"rendered":"https:\/\/www.cautex.com\/producto\/bielletes-suspension"},"modified":"2022-07-04T08:35:45","modified_gmt":"2022-07-04T08:35:45","slug":"bielletes-suspension","status":"publish","type":"product","link":"https:\/\/dev.cautex.com\/fr\/producto\/bielletes-suspension\/","title":{"rendered":"BIELLETES SUSPENSION"},"content":{"rendered":"<p>Une large gamme de biellettes de suspension et de barres stabilisatrices de grande qualit\u00e9, offrant l&rsquo;\u00e9lasticit\u00e9 n\u00e9cessaire au maintien de la stabilit\u00e9 de la voiture. Un design am\u00e9lior\u00e9 qui garantit un couplage plus s\u00fbr de la barre stabilisatrice \u00e0 l&rsquo;ensemble de la suspension.<\/p>\n","protected":false},"excerpt":{"rendered":"<p>Une large gamme de biellettes de suspension et de barres stabilisatrices de grande qualit\u00e9, offrant l&rsquo;\u00e9lasticit\u00e9 n\u00e9cessaire au maintien de la stabilit\u00e9 de la voiture. Un design am\u00e9lior\u00e9 qui garantit un couplage plus s\u00fbr de la barre stabilisatrice \u00e0 l&rsquo;ensemble de la suspension.<\/p>\n","protected":false},"featured_media":1901,"comment_status":"open","ping_status":"closed","template":"","meta":[],"product_cat":[449,447],"product_tag":[162],"_links":{"self":[{"href":"https:\/\/dev.cautex.com\/fr\/wp-json\/wp\/v2\/product\/3133"}],"collection":[{"href":"https:\/\/dev.cautex.com\/fr\/wp-json\/wp\/v2\/product"}],"about":[{"href":"https:\/\/dev.cautex.com\/fr\/wp-json\/wp\/v2\/types\/product"}],"replies":[{"embeddable":true,"href":"https:\/\/dev.cautex.com\/fr\/wp-json\/wp\/v2\/comments?post=3133"}],"wp:featuredmedia":[{"embeddable":true,"href":"https:\/\/dev.cautex.com\/fr\/wp-json\/wp\/v2\/media\/1901"}],"wp:attachment":[{"href":"https:\/\/dev.cautex.com\/fr\/wp-json\/wp\/v2\/media?parent=3133"}],"wp:term":[{"taxonomy":"product_cat","embeddable":true,"href":"https:\/\/dev.cautex.com\/fr\/wp-json\/wp\/v2\/product_cat?post=3133"},{"taxonomy":"product_tag","embeddable":true,"href":"https:\/\/dev.cautex.com\/fr\/wp-json\/wp\/v2\/product_tag?post=3133"}],"curies":[{"name":"wp","href":"https:\/\/api.w.org\/{rel}","templated":true}]}}