{"id":3132,"date":"2022-07-06T08:01:38","date_gmt":"2022-07-06T08:01:38","guid":{"rendered":"https:\/\/www.cautex.com\/producto\/cable-de-demarrage"},"modified":"2022-07-06T08:01:38","modified_gmt":"2022-07-06T08:01:38","slug":"cable-de-demarrage","status":"publish","type":"product","link":"https:\/\/dev.cautex.com\/fr\/producto\/cable-de-demarrage\/","title":{"rendered":"C\u00c2BLE DE D\u00c9MARRAGE"},"content":{"rendered":"<p>Ces c\u00e2bles \u00e9taient mont\u00e9s sur les v\u00e9hicules des ann\u00e9es 70 et 80 Ils sont \u00e9quip\u00e9s d&rsquo;une poign\u00e9e, qui actionn\u00e9e par le conducteur, agit directement sur le d\u00e9marreur, en augmentant la richesse du m\u00e9lange air\/essence, de mani\u00e8re que le moteur d\u00e9marre correctement.<\/p>\n","protected":false},"excerpt":{"rendered":"<p>Ces c\u00e2bles \u00e9taient mont\u00e9s sur les v\u00e9hicules des ann\u00e9es 70 et 80 Ils sont \u00e9quip\u00e9s d&rsquo;une poign\u00e9e, qui actionn\u00e9e par le conducteur, agit directement sur le d\u00e9marreur, en augmentant la richesse du m\u00e9lange air\/essence, de mani\u00e8re que le moteur d\u00e9marre correctement.<\/p>\n","protected":false},"featured_media":2006,"comment_status":"open","ping_status":"closed","template":"","meta":[],"product_cat":[437,444],"product_tag":[192],"_links":{"self":[{"href":"https:\/\/dev.cautex.com\/fr\/wp-json\/wp\/v2\/product\/3132"}],"collection":[{"href":"https:\/\/dev.cautex.com\/fr\/wp-json\/wp\/v2\/product"}],"about":[{"href":"https:\/\/dev.cautex.com\/fr\/wp-json\/wp\/v2\/types\/product"}],"replies":[{"embeddable":true,"href":"https:\/\/dev.cautex.com\/fr\/wp-json\/wp\/v2\/comments?post=3132"}],"wp:featuredmedia":[{"embeddable":true,"href":"https:\/\/dev.cautex.com\/fr\/wp-json\/wp\/v2\/media\/2006"}],"wp:attachment":[{"href":"https:\/\/dev.cautex.com\/fr\/wp-json\/wp\/v2\/media?parent=3132"}],"wp:term":[{"taxonomy":"product_cat","embeddable":true,"href":"https:\/\/dev.cautex.com\/fr\/wp-json\/wp\/v2\/product_cat?post=3132"},{"taxonomy":"product_tag","embeddable":true,"href":"https:\/\/dev.cautex.com\/fr\/wp-json\/wp\/v2\/product_tag?post=3132"}],"curies":[{"name":"wp","href":"https:\/\/api.w.org\/{rel}","templated":true}]}}