{"id":3131,"date":"2022-07-05T07:44:57","date_gmt":"2022-07-05T07:44:57","guid":{"rendered":"https:\/\/www.cautex.com\/producto\/supports-barre-stabilisateur"},"modified":"2022-07-05T07:44:57","modified_gmt":"2022-07-05T07:44:57","slug":"supports-barre-stabilisateur","status":"publish","type":"product","link":"https:\/\/dev.cautex.com\/fr\/producto\/supports-barre-stabilisateur\/","title":{"rendered":"SUPPORTS BARRE STABILISATEUR"},"content":{"rendered":"<p>S\u00e9lection de caoutchouc pour la barre stabilisatrice qui , gr\u00e2ce \u00e0 la qualit\u00e9 des mat\u00e9riaux et du design am\u00e9lior\u00e9, permettent la rotation de la barre stabilisatrice et \u00e9liminent toute vibration ou le moindre bruit pouvant appara\u00eetre.<\/p>\n","protected":false},"excerpt":{"rendered":"<p>S\u00e9lection de caoutchouc pour la barre stabilisatrice qui , gr\u00e2ce \u00e0 la qualit\u00e9 des mat\u00e9riaux et du design am\u00e9lior\u00e9, permettent la rotation de la barre stabilisatrice et \u00e9liminent toute vibration ou le moindre bruit pouvant appara\u00eetre.<\/p>\n","protected":false},"featured_media":1928,"comment_status":"open","ping_status":"closed","template":"","meta":[],"product_cat":[447,461],"product_tag":[171],"_links":{"self":[{"href":"https:\/\/dev.cautex.com\/fr\/wp-json\/wp\/v2\/product\/3131"}],"collection":[{"href":"https:\/\/dev.cautex.com\/fr\/wp-json\/wp\/v2\/product"}],"about":[{"href":"https:\/\/dev.cautex.com\/fr\/wp-json\/wp\/v2\/types\/product"}],"replies":[{"embeddable":true,"href":"https:\/\/dev.cautex.com\/fr\/wp-json\/wp\/v2\/comments?post=3131"}],"wp:featuredmedia":[{"embeddable":true,"href":"https:\/\/dev.cautex.com\/fr\/wp-json\/wp\/v2\/media\/1928"}],"wp:attachment":[{"href":"https:\/\/dev.cautex.com\/fr\/wp-json\/wp\/v2\/media?parent=3131"}],"wp:term":[{"taxonomy":"product_cat","embeddable":true,"href":"https:\/\/dev.cautex.com\/fr\/wp-json\/wp\/v2\/product_cat?post=3131"},{"taxonomy":"product_tag","embeddable":true,"href":"https:\/\/dev.cautex.com\/fr\/wp-json\/wp\/v2\/product_tag?post=3131"}],"curies":[{"name":"wp","href":"https:\/\/api.w.org\/{rel}","templated":true}]}}