{"id":3130,"date":"2022-07-06T08:15:46","date_gmt":"2022-07-06T08:15:46","guid":{"rendered":"https:\/\/www.cautex.com\/producto\/barre-stabilisatrice"},"modified":"2022-07-06T08:15:46","modified_gmt":"2022-07-06T08:15:46","slug":"barre-stabilisatrice","status":"publish","type":"product","link":"https:\/\/dev.cautex.com\/fr\/producto\/barre-stabilisatrice\/","title":{"rendered":"BARRE STABILISATRICE"},"content":{"rendered":"<p>La barre stabilisatrice est charg\u00e9e de r\u00e9duire les balancements du v\u00e9hicule dans les virages. C&rsquo;est une barre de m\u00e9tal semi-flexible qui relie les deux roues au m\u00eame axe et qui est \u00e9galement attach\u00e9e \u00e0 la carrosserie. Son design fait que si l&rsquo;un des c\u00f4t\u00e9s de la carrosserie s&rsquo;enfonce, l&rsquo;autre c\u00f4t\u00e9 fait de m\u00eame, assurant ainsi la stabilit\u00e9 du v\u00e9hicule.<\/p>\n","protected":false},"excerpt":{"rendered":"<p>La barre stabilisatrice est charg\u00e9e de r\u00e9duire les balancements du v\u00e9hicule dans les virages. C&rsquo;est une barre de m\u00e9tal semi-flexible qui relie les deux roues au m\u00eame axe et qui est \u00e9galement attach\u00e9e \u00e0 la carrosserie. Son design fait que si l&rsquo;un des c\u00f4t\u00e9s de la carrosserie s&rsquo;enfonce, l&rsquo;autre c\u00f4t\u00e9 fait de m\u00eame, assurant ainsi [&hellip;]<\/p>\n","protected":false},"featured_media":2033,"comment_status":"open","ping_status":"closed","template":"","meta":[],"product_cat":[516,515],"product_tag":[201],"_links":{"self":[{"href":"https:\/\/dev.cautex.com\/fr\/wp-json\/wp\/v2\/product\/3130"}],"collection":[{"href":"https:\/\/dev.cautex.com\/fr\/wp-json\/wp\/v2\/product"}],"about":[{"href":"https:\/\/dev.cautex.com\/fr\/wp-json\/wp\/v2\/types\/product"}],"replies":[{"embeddable":true,"href":"https:\/\/dev.cautex.com\/fr\/wp-json\/wp\/v2\/comments?post=3130"}],"wp:featuredmedia":[{"embeddable":true,"href":"https:\/\/dev.cautex.com\/fr\/wp-json\/wp\/v2\/media\/2033"}],"wp:attachment":[{"href":"https:\/\/dev.cautex.com\/fr\/wp-json\/wp\/v2\/media?parent=3130"}],"wp:term":[{"taxonomy":"product_cat","embeddable":true,"href":"https:\/\/dev.cautex.com\/fr\/wp-json\/wp\/v2\/product_cat?post=3130"},{"taxonomy":"product_tag","embeddable":true,"href":"https:\/\/dev.cautex.com\/fr\/wp-json\/wp\/v2\/product_tag?post=3130"}],"curies":[{"name":"wp","href":"https:\/\/api.w.org\/{rel}","templated":true}]}}