{"id":3129,"date":"2022-07-01T11:06:48","date_gmt":"2022-07-01T11:06:48","guid":{"rendered":"https:\/\/www.cautex.com\/producto\/ressorts-et-tenseurs"},"modified":"2022-07-01T11:06:48","modified_gmt":"2022-07-01T11:06:48","slug":"ressorts-et-tenseurs","status":"publish","type":"product","link":"https:\/\/dev.cautex.com\/fr\/producto\/ressorts-et-tenseurs\/","title":{"rendered":"RESSORTS ET TENSEURS"},"content":{"rendered":"<p>Une gamme sp\u00e9cifique de ressorts et de tenseurs utilis\u00e9s par l&rsquo;ensemble du syst\u00e8me de distribution automobile. Pi\u00e8ces, jouant un r\u00f4le cl\u00e9 pour un bon fonctionnement, ce qui d\u00e9montre qu&rsquo;il est important de remplacer les \u00e9l\u00e9ments soumis \u00e0 un ph\u00e9nom\u00e8ne d&rsquo;usure, par un entretien optimal du v\u00e9hicule.<\/p>\n","protected":false},"excerpt":{"rendered":"<p>Une gamme sp\u00e9cifique de ressorts et de tenseurs utilis\u00e9s par l&rsquo;ensemble du syst\u00e8me de distribution automobile. Pi\u00e8ces, jouant un r\u00f4le cl\u00e9 pour un bon fonctionnement, ce qui d\u00e9montre qu&rsquo;il est important de remplacer les \u00e9l\u00e9ments soumis \u00e0 un ph\u00e9nom\u00e8ne d&rsquo;usure, par un entretien optimal du v\u00e9hicule.<\/p>\n","protected":false},"featured_media":1892,"comment_status":"open","ping_status":"closed","template":"","meta":[],"product_cat":[447,455],"product_tag":[160],"_links":{"self":[{"href":"https:\/\/dev.cautex.com\/fr\/wp-json\/wp\/v2\/product\/3129"}],"collection":[{"href":"https:\/\/dev.cautex.com\/fr\/wp-json\/wp\/v2\/product"}],"about":[{"href":"https:\/\/dev.cautex.com\/fr\/wp-json\/wp\/v2\/types\/product"}],"replies":[{"embeddable":true,"href":"https:\/\/dev.cautex.com\/fr\/wp-json\/wp\/v2\/comments?post=3129"}],"wp:featuredmedia":[{"embeddable":true,"href":"https:\/\/dev.cautex.com\/fr\/wp-json\/wp\/v2\/media\/1892"}],"wp:attachment":[{"href":"https:\/\/dev.cautex.com\/fr\/wp-json\/wp\/v2\/media?parent=3129"}],"wp:term":[{"taxonomy":"product_cat","embeddable":true,"href":"https:\/\/dev.cautex.com\/fr\/wp-json\/wp\/v2\/product_cat?post=3129"},{"taxonomy":"product_tag","embeddable":true,"href":"https:\/\/dev.cautex.com\/fr\/wp-json\/wp\/v2\/product_tag?post=3129"}],"curies":[{"name":"wp","href":"https:\/\/api.w.org\/{rel}","templated":true}]}}