{"id":3128,"date":"2022-07-01T10:36:54","date_gmt":"2022-07-01T10:36:54","guid":{"rendered":"https:\/\/www.cautex.com\/producto\/tuyaux-silicone"},"modified":"2022-07-01T10:36:54","modified_gmt":"2022-07-01T10:36:54","slug":"tuyaux-silicone","status":"publish","type":"product","link":"https:\/\/dev.cautex.com\/fr\/producto\/tuyaux-silicone\/","title":{"rendered":"TUYAUX SILICONE"},"content":{"rendered":"<p>Des produits id\u00e9aux pour l&rsquo;industrie automobile en raison de leurs caract\u00e9ristiques sp\u00e9cialement r\u00e9sistantes \u00e0 de hautes temp\u00e9ratures et de hautes pressions. Nous disposons de trois gammes de produits : tuyaux coud\u00e9s avec renfort textile interm\u00e9diaire, tuyaux pour syst\u00e8mes de r\u00e9frig\u00e9ration et chauffage avec trois feuilles polyester et des tuyaux flexibles avec renfort textile et fil int\u00e9rieurs.<\/p>\n","protected":false},"excerpt":{"rendered":"<p>Des produits id\u00e9aux pour l&rsquo;industrie automobile en raison de leurs caract\u00e9ristiques sp\u00e9cialement r\u00e9sistantes \u00e0 de hautes temp\u00e9ratures et de hautes pressions. Nous disposons de trois gammes de produits : tuyaux coud\u00e9s avec renfort textile interm\u00e9diaire, tuyaux pour syst\u00e8mes de r\u00e9frig\u00e9ration et chauffage avec trois feuilles polyester et des tuyaux flexibles avec renfort textile et fil [&hellip;]<\/p>\n","protected":false},"featured_media":1862,"comment_status":"open","ping_status":"closed","template":"","meta":[],"product_cat":[503,510],"product_tag":[150],"_links":{"self":[{"href":"https:\/\/dev.cautex.com\/fr\/wp-json\/wp\/v2\/product\/3128"}],"collection":[{"href":"https:\/\/dev.cautex.com\/fr\/wp-json\/wp\/v2\/product"}],"about":[{"href":"https:\/\/dev.cautex.com\/fr\/wp-json\/wp\/v2\/types\/product"}],"replies":[{"embeddable":true,"href":"https:\/\/dev.cautex.com\/fr\/wp-json\/wp\/v2\/comments?post=3128"}],"wp:featuredmedia":[{"embeddable":true,"href":"https:\/\/dev.cautex.com\/fr\/wp-json\/wp\/v2\/media\/1862"}],"wp:attachment":[{"href":"https:\/\/dev.cautex.com\/fr\/wp-json\/wp\/v2\/media?parent=3128"}],"wp:term":[{"taxonomy":"product_cat","embeddable":true,"href":"https:\/\/dev.cautex.com\/fr\/wp-json\/wp\/v2\/product_cat?post=3128"},{"taxonomy":"product_tag","embeddable":true,"href":"https:\/\/dev.cautex.com\/fr\/wp-json\/wp\/v2\/product_tag?post=3128"}],"curies":[{"name":"wp","href":"https:\/\/api.w.org\/{rel}","templated":true}]}}