{"id":3127,"date":"2022-07-06T08:09:47","date_gmt":"2022-07-06T08:09:47","guid":{"rendered":"https:\/\/www.cautex.com\/producto\/cable-de-linterrupteur"},"modified":"2022-07-06T08:09:47","modified_gmt":"2022-07-06T08:09:47","slug":"cable-de-linterrupteur","status":"publish","type":"product","link":"https:\/\/dev.cautex.com\/fr\/producto\/cable-de-linterrupteur\/","title":{"rendered":"C\u00c2BLE DE L&rsquo;INTERRUPTEUR"},"content":{"rendered":"<p>Les c\u00e2bles d&rsquo;actionnement de la bo\u00eete \u00e0 vitesse transmettent le mouvement du levier de vitesse. D\u00e8s que le conducteur change de vitesse, les c\u00e2bles entrent en fonctionnement et transmettent l&rsquo;impulsion m\u00e9canique \u00e0 la bo\u00eete \u00e0 vitesse.<\/p>\n","protected":false},"excerpt":{"rendered":"<p>Les c\u00e2bles d&rsquo;actionnement de la bo\u00eete \u00e0 vitesse transmettent le mouvement du levier de vitesse. D\u00e8s que le conducteur change de vitesse, les c\u00e2bles entrent en fonctionnement et transmettent l&rsquo;impulsion m\u00e9canique \u00e0 la bo\u00eete \u00e0 vitesse.<\/p>\n","protected":false},"featured_media":2024,"comment_status":"open","ping_status":"closed","template":"","meta":[],"product_cat":[437,439],"product_tag":[198],"_links":{"self":[{"href":"https:\/\/dev.cautex.com\/fr\/wp-json\/wp\/v2\/product\/3127"}],"collection":[{"href":"https:\/\/dev.cautex.com\/fr\/wp-json\/wp\/v2\/product"}],"about":[{"href":"https:\/\/dev.cautex.com\/fr\/wp-json\/wp\/v2\/types\/product"}],"replies":[{"embeddable":true,"href":"https:\/\/dev.cautex.com\/fr\/wp-json\/wp\/v2\/comments?post=3127"}],"wp:featuredmedia":[{"embeddable":true,"href":"https:\/\/dev.cautex.com\/fr\/wp-json\/wp\/v2\/media\/2024"}],"wp:attachment":[{"href":"https:\/\/dev.cautex.com\/fr\/wp-json\/wp\/v2\/media?parent=3127"}],"wp:term":[{"taxonomy":"product_cat","embeddable":true,"href":"https:\/\/dev.cautex.com\/fr\/wp-json\/wp\/v2\/product_cat?post=3127"},{"taxonomy":"product_tag","embeddable":true,"href":"https:\/\/dev.cautex.com\/fr\/wp-json\/wp\/v2\/product_tag?post=3127"}],"curies":[{"name":"wp","href":"https:\/\/api.w.org\/{rel}","templated":true}]}}