{"id":3126,"date":"2022-07-06T08:07:29","date_gmt":"2022-07-06T08:07:29","guid":{"rendered":"https:\/\/www.cautex.com\/producto\/cable-dembrayage-autoreglable"},"modified":"2022-07-06T08:07:29","modified_gmt":"2022-07-06T08:07:29","slug":"cable-dembrayage-autoreglable","status":"publish","type":"product","link":"https:\/\/dev.cautex.com\/fr\/producto\/cable-dembrayage-autoreglable\/","title":{"rendered":"C\u00c2BLE D&rsquo;EMBRAYAGE AUTOR\u00c9GLABLE"},"content":{"rendered":"<p>Lorsque la p\u00e9dale d&#8217;embrayage est actionn\u00e9e, elle permet \u00e0 l&#8217;embrayage de se d\u00e9sengager du volant moteur afin d&rsquo;effectuer un changement de vitesse et donc de v\u00e9locit\u00e9. En cas d&rsquo;auto-ajustement des c\u00e2bles d&#8217;embrayage, les c\u00e2bles incorporent un dispositif qui leur permet d&rsquo;\u00eatre ajust\u00e9s automatiquement chaque fois que la p\u00e9dale d&#8217;embrayage est actionn\u00e9e.<\/p>\n","protected":false},"excerpt":{"rendered":"<p>Lorsque la p\u00e9dale d&#8217;embrayage est actionn\u00e9e, elle permet \u00e0 l&#8217;embrayage de se d\u00e9sengager du volant moteur afin d&rsquo;effectuer un changement de vitesse et donc de v\u00e9locit\u00e9. En cas d&rsquo;auto-ajustement des c\u00e2bles d&#8217;embrayage, les c\u00e2bles incorporent un dispositif qui leur permet d&rsquo;\u00eatre ajust\u00e9s automatiquement chaque fois que la p\u00e9dale d&#8217;embrayage est actionn\u00e9e.<\/p>\n","protected":false},"featured_media":2018,"comment_status":"open","ping_status":"closed","template":"","meta":[],"product_cat":[437,442],"product_tag":[196],"_links":{"self":[{"href":"https:\/\/dev.cautex.com\/fr\/wp-json\/wp\/v2\/product\/3126"}],"collection":[{"href":"https:\/\/dev.cautex.com\/fr\/wp-json\/wp\/v2\/product"}],"about":[{"href":"https:\/\/dev.cautex.com\/fr\/wp-json\/wp\/v2\/types\/product"}],"replies":[{"embeddable":true,"href":"https:\/\/dev.cautex.com\/fr\/wp-json\/wp\/v2\/comments?post=3126"}],"wp:featuredmedia":[{"embeddable":true,"href":"https:\/\/dev.cautex.com\/fr\/wp-json\/wp\/v2\/media\/2018"}],"wp:attachment":[{"href":"https:\/\/dev.cautex.com\/fr\/wp-json\/wp\/v2\/media?parent=3126"}],"wp:term":[{"taxonomy":"product_cat","embeddable":true,"href":"https:\/\/dev.cautex.com\/fr\/wp-json\/wp\/v2\/product_cat?post=3126"},{"taxonomy":"product_tag","embeddable":true,"href":"https:\/\/dev.cautex.com\/fr\/wp-json\/wp\/v2\/product_tag?post=3126"}],"curies":[{"name":"wp","href":"https:\/\/api.w.org\/{rel}","templated":true}]}}