{"id":3125,"date":"2022-07-05T09:06:11","date_gmt":"2022-07-05T09:06:11","guid":{"rendered":"https:\/\/www.cautex.com\/producto\/joints-et-chapeaux-carter"},"modified":"2022-07-05T09:06:11","modified_gmt":"2022-07-05T09:06:11","slug":"joints-et-chapeaux-carter","status":"publish","type":"product","link":"https:\/\/dev.cautex.com\/fr\/producto\/joints-et-chapeaux-carter\/","title":{"rendered":"JOINTS ET CHAPEAUX CARTER"},"content":{"rendered":"<p>Gamme sp\u00e9cifique de joints, rondelles et bouchons carter de diff\u00e9rentes tailles. Le joint du bouchon de drainage de l&rsquo;huile est utilis\u00e9 pour sceller cette unit\u00e9 de fa\u00e7on s\u00fbre en r\u00e9duisant les risques de fuite d&rsquo;huile du moteur. Il est n\u00e9cessaire de changer de joint chaque fois que l&rsquo;huile du moteur est chang\u00e9e.<\/p>\n","protected":false},"excerpt":{"rendered":"<p>Gamme sp\u00e9cifique de joints, rondelles et bouchons carter de diff\u00e9rentes tailles. Le joint du bouchon de drainage de l&rsquo;huile est utilis\u00e9 pour sceller cette unit\u00e9 de fa\u00e7on s\u00fbre en r\u00e9duisant les risques de fuite d&rsquo;huile du moteur. Il est n\u00e9cessaire de changer de joint chaque fois que l&rsquo;huile du moteur est chang\u00e9e.<\/p>\n","protected":false},"featured_media":1979,"comment_status":"open","ping_status":"closed","template":"","meta":[],"product_cat":[490,497],"product_tag":[184],"_links":{"self":[{"href":"https:\/\/dev.cautex.com\/fr\/wp-json\/wp\/v2\/product\/3125"}],"collection":[{"href":"https:\/\/dev.cautex.com\/fr\/wp-json\/wp\/v2\/product"}],"about":[{"href":"https:\/\/dev.cautex.com\/fr\/wp-json\/wp\/v2\/types\/product"}],"replies":[{"embeddable":true,"href":"https:\/\/dev.cautex.com\/fr\/wp-json\/wp\/v2\/comments?post=3125"}],"wp:featuredmedia":[{"embeddable":true,"href":"https:\/\/dev.cautex.com\/fr\/wp-json\/wp\/v2\/media\/1979"}],"wp:attachment":[{"href":"https:\/\/dev.cautex.com\/fr\/wp-json\/wp\/v2\/media?parent=3125"}],"wp:term":[{"taxonomy":"product_cat","embeddable":true,"href":"https:\/\/dev.cautex.com\/fr\/wp-json\/wp\/v2\/product_cat?post=3125"},{"taxonomy":"product_tag","embeddable":true,"href":"https:\/\/dev.cautex.com\/fr\/wp-json\/wp\/v2\/product_tag?post=3125"}],"curies":[{"name":"wp","href":"https:\/\/api.w.org\/{rel}","templated":true}]}}