{"id":3124,"date":"2022-07-01T10:16:13","date_gmt":"2022-07-01T10:16:13","guid":{"rendered":"https:\/\/www.cautex.com\/producto\/tapis-et-jupes"},"modified":"2022-07-12T09:50:51","modified_gmt":"2022-07-12T09:50:51","slug":"tapis-et-jupes","status":"publish","type":"product","link":"https:\/\/dev.cautex.com\/fr\/producto\/tapis-et-jupes\/","title":{"rendered":"TAPIS ET JUPES"},"content":{"rendered":"<p>Nos jupes de roue et nos pare-boues sont conformes \u00e0 la r\u00e9glementation du syst\u00e8me anti-projections (conform\u00e9ment au CT) et sont homologu\u00e9s car respectueux des standards la C.E.E. Nous disposons de plusieurs mod\u00e8les de tapis universels pour voitures fabriqu\u00e9s avec un caoutchouc de grande qualit\u00e9, tr\u00e8s r\u00e9sistant et durable.<\/p>\n","protected":false},"excerpt":{"rendered":"<p>Nos jupes de roue et nos pare-boues sont conformes \u00e0 la r\u00e9glementation du syst\u00e8me anti-projections (conform\u00e9ment au CT) et sont homologu\u00e9s car respectueux des standards la C.E.E. Nous disposons de plusieurs mod\u00e8les de tapis universels pour voitures fabriqu\u00e9s avec un caoutchouc de grande qualit\u00e9, tr\u00e8s r\u00e9sistant et durable.<\/p>\n","protected":false},"featured_media":1853,"comment_status":"open","ping_status":"closed","template":"","meta":[],"product_cat":[339],"product_tag":[147],"_links":{"self":[{"href":"https:\/\/dev.cautex.com\/fr\/wp-json\/wp\/v2\/product\/3124"}],"collection":[{"href":"https:\/\/dev.cautex.com\/fr\/wp-json\/wp\/v2\/product"}],"about":[{"href":"https:\/\/dev.cautex.com\/fr\/wp-json\/wp\/v2\/types\/product"}],"replies":[{"embeddable":true,"href":"https:\/\/dev.cautex.com\/fr\/wp-json\/wp\/v2\/comments?post=3124"}],"wp:featuredmedia":[{"embeddable":true,"href":"https:\/\/dev.cautex.com\/fr\/wp-json\/wp\/v2\/media\/1853"}],"wp:attachment":[{"href":"https:\/\/dev.cautex.com\/fr\/wp-json\/wp\/v2\/media?parent=3124"}],"wp:term":[{"taxonomy":"product_cat","embeddable":true,"href":"https:\/\/dev.cautex.com\/fr\/wp-json\/wp\/v2\/product_cat?post=3124"},{"taxonomy":"product_tag","embeddable":true,"href":"https:\/\/dev.cautex.com\/fr\/wp-json\/wp\/v2\/product_tag?post=3124"}],"curies":[{"name":"wp","href":"https:\/\/api.w.org\/{rel}","templated":true}]}}