{"id":3122,"date":"2022-07-12T07:52:40","date_gmt":"2022-07-12T07:52:40","guid":{"rendered":"https:\/\/www.cautex.com\/producto\/relais"},"modified":"2022-07-13T09:56:22","modified_gmt":"2022-07-13T09:56:22","slug":"relais","status":"publish","type":"product","link":"https:\/\/dev.cautex.com\/fr\/producto\/relais\/","title":{"rendered":"RELAIS"},"content":{"rendered":"<p>Un relais est essentiellement un interrupteur qui fonctionne \u00e9lectriquement plut\u00f4t que m\u00e9caniquement. Il existe plusieurs mod\u00e8les de relais, mais les plus courants sont les relais \u00e9lectrom\u00e9caniques, qui fonctionnent en activant un \u00e9lectroaimant pour tirer un ensemble de contacts afin d&rsquo;ouvrir ou de fermer un circuit.<\/p>\n","protected":false},"excerpt":{"rendered":"<p>Un relais est essentiellement un interrupteur qui fonctionne \u00e9lectriquement plut\u00f4t que m\u00e9caniquement. Il existe plusieurs mod\u00e8les de relais, mais les plus courants sont les relais \u00e9lectrom\u00e9caniques, qui fonctionnent en activant un \u00e9lectroaimant pour tirer un ensemble de contacts afin d&rsquo;ouvrir ou de fermer un circuit.<\/p>\n","protected":false},"featured_media":3956,"comment_status":"open","ping_status":"closed","template":"","meta":[],"product_cat":[515,529],"product_tag":[],"_links":{"self":[{"href":"https:\/\/dev.cautex.com\/fr\/wp-json\/wp\/v2\/product\/3122"}],"collection":[{"href":"https:\/\/dev.cautex.com\/fr\/wp-json\/wp\/v2\/product"}],"about":[{"href":"https:\/\/dev.cautex.com\/fr\/wp-json\/wp\/v2\/types\/product"}],"replies":[{"embeddable":true,"href":"https:\/\/dev.cautex.com\/fr\/wp-json\/wp\/v2\/comments?post=3122"}],"wp:featuredmedia":[{"embeddable":true,"href":"https:\/\/dev.cautex.com\/fr\/wp-json\/wp\/v2\/media\/3956"}],"wp:attachment":[{"href":"https:\/\/dev.cautex.com\/fr\/wp-json\/wp\/v2\/media?parent=3122"}],"wp:term":[{"taxonomy":"product_cat","embeddable":true,"href":"https:\/\/dev.cautex.com\/fr\/wp-json\/wp\/v2\/product_cat?post=3122"},{"taxonomy":"product_tag","embeddable":true,"href":"https:\/\/dev.cautex.com\/fr\/wp-json\/wp\/v2\/product_tag?post=3122"}],"curies":[{"name":"wp","href":"https:\/\/api.w.org\/{rel}","templated":true}]}}