{"id":3121,"date":"2022-07-01T10:50:30","date_gmt":"2022-07-01T10:50:30","guid":{"rendered":"https:\/\/www.cautex.com\/producto\/durites-radiateur"},"modified":"2022-07-01T10:50:30","modified_gmt":"2022-07-01T10:50:30","slug":"durites-radiateur","status":"publish","type":"product","link":"https:\/\/dev.cautex.com\/fr\/producto\/durites-radiateur\/","title":{"rendered":"DURITES RADIATEUR"},"content":{"rendered":"<p>Nous fournissons des durites en caoutchouc, con\u00e7ues sp\u00e9cifiquement pour la circulation de l&rsquo;eau dans le circuit de refroidissement de l&rsquo;automobile. Leur design et leurs caract\u00e9ristiques techniques sont adapt\u00e9s aux besoins sp\u00e9cifiques des marques pour chacun de leurs diff\u00e9rents mod\u00e8les.<\/p>\n","protected":false},"excerpt":{"rendered":"<p>Nous fournissons des durites en caoutchouc, con\u00e7ues sp\u00e9cifiquement pour la circulation de l&rsquo;eau dans le circuit de refroidissement de l&rsquo;automobile. Leur design et leurs caract\u00e9ristiques techniques sont adapt\u00e9s aux besoins sp\u00e9cifiques des marques pour chacun de leurs diff\u00e9rents mod\u00e8les.<\/p>\n","protected":false},"featured_media":1877,"comment_status":"open","ping_status":"closed","template":"","meta":[],"product_cat":[504,503],"product_tag":[155],"_links":{"self":[{"href":"https:\/\/dev.cautex.com\/fr\/wp-json\/wp\/v2\/product\/3121"}],"collection":[{"href":"https:\/\/dev.cautex.com\/fr\/wp-json\/wp\/v2\/product"}],"about":[{"href":"https:\/\/dev.cautex.com\/fr\/wp-json\/wp\/v2\/types\/product"}],"replies":[{"embeddable":true,"href":"https:\/\/dev.cautex.com\/fr\/wp-json\/wp\/v2\/comments?post=3121"}],"wp:featuredmedia":[{"embeddable":true,"href":"https:\/\/dev.cautex.com\/fr\/wp-json\/wp\/v2\/media\/1877"}],"wp:attachment":[{"href":"https:\/\/dev.cautex.com\/fr\/wp-json\/wp\/v2\/media?parent=3121"}],"wp:term":[{"taxonomy":"product_cat","embeddable":true,"href":"https:\/\/dev.cautex.com\/fr\/wp-json\/wp\/v2\/product_cat?post=3121"},{"taxonomy":"product_tag","embeddable":true,"href":"https:\/\/dev.cautex.com\/fr\/wp-json\/wp\/v2\/product_tag?post=3121"}],"curies":[{"name":"wp","href":"https:\/\/api.w.org\/{rel}","templated":true}]}}