{"id":3120,"date":"2022-07-05T07:54:32","date_gmt":"2022-07-05T07:54:32","guid":{"rendered":"https:\/\/www.cautex.com\/producto\/supports-moteur-transmision-et-changement"},"modified":"2022-07-05T07:54:32","modified_gmt":"2022-07-05T07:54:32","slug":"supports-moteur-transmision-et-changement","status":"publish","type":"product","link":"https:\/\/dev.cautex.com\/fr\/producto\/supports-moteur-transmision-et-changement\/","title":{"rendered":"SUPPORTS MOTEUR, TRANSMISION ET CHANGEMENT"},"content":{"rendered":"<p>Large gamme de supports moteur, transmissions et bo\u00eetes de vitesses, avec un design et des caract\u00e9ristiques techniques con\u00e7us pour respecter la duret\u00e9 et le design des pi\u00e8ces originales afin d&rsquo;assurer un amortissement correct de la vibration du moteur selon la sp\u00e9cificit\u00e9 de chaque mod\u00e8le. Gr\u00e2ce \u00e0 la qualit\u00e9 du caoutchouc avec lequel ils sont fabriqu\u00e9s, ils absorbent les impacts des vibrations g\u00e9n\u00e9r\u00e9es par le moteur dans son ensemble, offrant ainsi une conduite bien plus plaisante.<\/p>\n","protected":false},"excerpt":{"rendered":"<p>Large gamme de supports moteur, transmissions et bo\u00eetes de vitesses, avec un design et des caract\u00e9ristiques techniques con\u00e7us pour respecter la duret\u00e9 et le design des pi\u00e8ces originales afin d&rsquo;assurer un amortissement correct de la vibration du moteur selon la sp\u00e9cificit\u00e9 de chaque mod\u00e8le. Gr\u00e2ce \u00e0 la qualit\u00e9 du caoutchouc avec lequel ils sont fabriqu\u00e9s, [&hellip;]<\/p>\n","protected":false},"featured_media":1931,"comment_status":"open","ping_status":"closed","template":"","meta":[],"product_cat":[447,463],"product_tag":[172],"_links":{"self":[{"href":"https:\/\/dev.cautex.com\/fr\/wp-json\/wp\/v2\/product\/3120"}],"collection":[{"href":"https:\/\/dev.cautex.com\/fr\/wp-json\/wp\/v2\/product"}],"about":[{"href":"https:\/\/dev.cautex.com\/fr\/wp-json\/wp\/v2\/types\/product"}],"replies":[{"embeddable":true,"href":"https:\/\/dev.cautex.com\/fr\/wp-json\/wp\/v2\/comments?post=3120"}],"wp:featuredmedia":[{"embeddable":true,"href":"https:\/\/dev.cautex.com\/fr\/wp-json\/wp\/v2\/media\/1931"}],"wp:attachment":[{"href":"https:\/\/dev.cautex.com\/fr\/wp-json\/wp\/v2\/media?parent=3120"}],"wp:term":[{"taxonomy":"product_cat","embeddable":true,"href":"https:\/\/dev.cautex.com\/fr\/wp-json\/wp\/v2\/product_cat?post=3120"},{"taxonomy":"product_tag","embeddable":true,"href":"https:\/\/dev.cautex.com\/fr\/wp-json\/wp\/v2\/product_tag?post=3120"}],"curies":[{"name":"wp","href":"https:\/\/api.w.org\/{rel}","templated":true}]}}