{"id":3119,"date":"2022-07-12T07:51:00","date_gmt":"2022-07-12T07:51:00","guid":{"rendered":"https:\/\/www.cautex.com\/producto\/sonde-doxygene"},"modified":"2022-07-12T07:51:00","modified_gmt":"2022-07-12T07:51:00","slug":"sonde-doxygene","status":"publish","type":"product","link":"https:\/\/dev.cautex.com\/fr\/producto\/sonde-doxygene\/","title":{"rendered":"SONDE D&rsquo;OXYG\u00c8NE"},"content":{"rendered":"<p>Le capteur d&rsquo;oxyg\u00e8ne mesure la relation entre l&rsquo;oxyg\u00e8ne et le carburant du m\u00e9lange inject\u00e9. Un m\u00e9lange riche (peu d&rsquo;oxyg\u00e8ne dans le gaz d&rsquo;\u00e9chappement) activera l&rsquo;unit\u00e9 de contr\u00f4le afin d&rsquo;appauvrir le m\u00e9lange en r\u00e9duisant la quantit\u00e9 inject\u00e9e. Un m\u00e9lange pauvre (beaucoup d&rsquo;oxyg\u00e8ne dans le gaz d&rsquo;\u00e9chappement) activera l&rsquo;unit\u00e9 de contr\u00f4le afin qu&rsquo;elle enrichisse le m\u00e9lange en augmentant la quantit\u00e9 inject\u00e9e.<\/p>\n","protected":false},"excerpt":{"rendered":"<p>Le capteur d&rsquo;oxyg\u00e8ne mesure la relation entre l&rsquo;oxyg\u00e8ne et le carburant du m\u00e9lange inject\u00e9. Un m\u00e9lange riche (peu d&rsquo;oxyg\u00e8ne dans le gaz d&rsquo;\u00e9chappement) activera l&rsquo;unit\u00e9 de contr\u00f4le afin d&rsquo;appauvrir le m\u00e9lange en r\u00e9duisant la quantit\u00e9 inject\u00e9e. Un m\u00e9lange pauvre (beaucoup d&rsquo;oxyg\u00e8ne dans le gaz d&rsquo;\u00e9chappement) activera l&rsquo;unit\u00e9 de contr\u00f4le afin qu&rsquo;elle enrichisse le m\u00e9lange en [&hellip;]<\/p>\n","protected":false},"featured_media":3052,"comment_status":"open","ping_status":"closed","template":"","meta":[],"product_cat":[515,528],"product_tag":[],"_links":{"self":[{"href":"https:\/\/dev.cautex.com\/fr\/wp-json\/wp\/v2\/product\/3119"}],"collection":[{"href":"https:\/\/dev.cautex.com\/fr\/wp-json\/wp\/v2\/product"}],"about":[{"href":"https:\/\/dev.cautex.com\/fr\/wp-json\/wp\/v2\/types\/product"}],"replies":[{"embeddable":true,"href":"https:\/\/dev.cautex.com\/fr\/wp-json\/wp\/v2\/comments?post=3119"}],"wp:featuredmedia":[{"embeddable":true,"href":"https:\/\/dev.cautex.com\/fr\/wp-json\/wp\/v2\/media\/3052"}],"wp:attachment":[{"href":"https:\/\/dev.cautex.com\/fr\/wp-json\/wp\/v2\/media?parent=3119"}],"wp:term":[{"taxonomy":"product_cat","embeddable":true,"href":"https:\/\/dev.cautex.com\/fr\/wp-json\/wp\/v2\/product_cat?post=3119"},{"taxonomy":"product_tag","embeddable":true,"href":"https:\/\/dev.cautex.com\/fr\/wp-json\/wp\/v2\/product_tag?post=3119"}],"curies":[{"name":"wp","href":"https:\/\/api.w.org\/{rel}","templated":true}]}}