{"id":3118,"date":"2022-07-05T08:02:16","date_gmt":"2022-07-05T08:02:16","guid":{"rendered":"https:\/\/www.cautex.com\/producto\/autres-supports"},"modified":"2022-07-05T08:02:16","modified_gmt":"2022-07-05T08:02:16","slug":"autres-supports","status":"publish","type":"product","link":"https:\/\/dev.cautex.com\/fr\/producto\/autres-supports\/","title":{"rendered":"AUTRES SUPPORTS"},"content":{"rendered":"<p>Large vari\u00e9t\u00e9 de support en caoutchouc ou m\u00e9tal pour maintenir diff\u00e9rentes parties du v\u00e9hicule, comme les alternateurs, les filtres \u00e0 air ou les radiateurs.<\/p>\n","protected":false},"excerpt":{"rendered":"<p>Large vari\u00e9t\u00e9 de support en caoutchouc ou m\u00e9tal pour maintenir diff\u00e9rentes parties du v\u00e9hicule, comme les alternateurs, les filtres \u00e0 air ou les radiateurs.<\/p>\n","protected":false},"featured_media":1940,"comment_status":"open","ping_status":"closed","template":"","meta":[],"product_cat":[456,447],"product_tag":[175],"_links":{"self":[{"href":"https:\/\/dev.cautex.com\/fr\/wp-json\/wp\/v2\/product\/3118"}],"collection":[{"href":"https:\/\/dev.cautex.com\/fr\/wp-json\/wp\/v2\/product"}],"about":[{"href":"https:\/\/dev.cautex.com\/fr\/wp-json\/wp\/v2\/types\/product"}],"replies":[{"embeddable":true,"href":"https:\/\/dev.cautex.com\/fr\/wp-json\/wp\/v2\/comments?post=3118"}],"wp:featuredmedia":[{"embeddable":true,"href":"https:\/\/dev.cautex.com\/fr\/wp-json\/wp\/v2\/media\/1940"}],"wp:attachment":[{"href":"https:\/\/dev.cautex.com\/fr\/wp-json\/wp\/v2\/media?parent=3118"}],"wp:term":[{"taxonomy":"product_cat","embeddable":true,"href":"https:\/\/dev.cautex.com\/fr\/wp-json\/wp\/v2\/product_cat?post=3118"},{"taxonomy":"product_tag","embeddable":true,"href":"https:\/\/dev.cautex.com\/fr\/wp-json\/wp\/v2\/product_tag?post=3118"}],"curies":[{"name":"wp","href":"https:\/\/api.w.org\/{rel}","templated":true}]}}