{"id":3117,"date":"2022-07-06T08:40:46","date_gmt":"2022-07-06T08:40:46","guid":{"rendered":"https:\/\/www.cautex.com\/producto\/oil-separators"},"modified":"2022-07-06T08:40:46","modified_gmt":"2022-07-06T08:40:46","slug":"oil-separators","status":"publish","type":"product","link":"https:\/\/dev.cautex.com\/fr\/producto\/oil-separators\/","title":{"rendered":"OIL SEPARATORS"},"content":{"rendered":"<p>Cet \u00e9l\u00e9ment est plac\u00e9 juste devant le syst\u00e8me de ventilation de gaz du carter et sa fonction consiste \u00e0 s\u00e9parer les vapeurs d&rsquo;essence de l&rsquo;huile et la salet\u00e9, de fa\u00e7on qu&rsquo;il ne laisse passer que l&rsquo;air avec du carburant, retenant la salet\u00e9 et l&rsquo;huile en son int\u00e9rieur.<\/p>\n","protected":false},"excerpt":{"rendered":"<p>Cet \u00e9l\u00e9ment est plac\u00e9 juste devant le syst\u00e8me de ventilation de gaz du carter et sa fonction consiste \u00e0 s\u00e9parer les vapeurs d&rsquo;essence de l&rsquo;huile et la salet\u00e9, de fa\u00e7on qu&rsquo;il ne laisse passer que l&rsquo;air avec du carburant, retenant la salet\u00e9 et l&rsquo;huile en son int\u00e9rieur.<\/p>\n","protected":false},"featured_media":2048,"comment_status":"open","ping_status":"closed","template":"","meta":[],"product_cat":[515,522],"product_tag":[206],"_links":{"self":[{"href":"https:\/\/dev.cautex.com\/fr\/wp-json\/wp\/v2\/product\/3117"}],"collection":[{"href":"https:\/\/dev.cautex.com\/fr\/wp-json\/wp\/v2\/product"}],"about":[{"href":"https:\/\/dev.cautex.com\/fr\/wp-json\/wp\/v2\/types\/product"}],"replies":[{"embeddable":true,"href":"https:\/\/dev.cautex.com\/fr\/wp-json\/wp\/v2\/comments?post=3117"}],"wp:featuredmedia":[{"embeddable":true,"href":"https:\/\/dev.cautex.com\/fr\/wp-json\/wp\/v2\/media\/2048"}],"wp:attachment":[{"href":"https:\/\/dev.cautex.com\/fr\/wp-json\/wp\/v2\/media?parent=3117"}],"wp:term":[{"taxonomy":"product_cat","embeddable":true,"href":"https:\/\/dev.cautex.com\/fr\/wp-json\/wp\/v2\/product_cat?post=3117"},{"taxonomy":"product_tag","embeddable":true,"href":"https:\/\/dev.cautex.com\/fr\/wp-json\/wp\/v2\/product_tag?post=3117"}],"curies":[{"name":"wp","href":"https:\/\/api.w.org\/{rel}","templated":true}]}}