{"id":3116,"date":"2022-07-12T07:45:00","date_gmt":"2022-07-12T07:45:00","guid":{"rendered":"https:\/\/www.cautex.com\/producto\/capteur-de-pression-dhuile"},"modified":"2022-07-12T07:45:00","modified_gmt":"2022-07-12T07:45:00","slug":"capteur-de-pression-dhuile","status":"publish","type":"product","link":"https:\/\/dev.cautex.com\/fr\/producto\/capteur-de-pression-dhuile\/","title":{"rendered":"CAPTEUR DE PRESSION D&rsquo;HUILE"},"content":{"rendered":"<p>Le capteur de pression d&rsquo;huile connu aussi sous le nom de bulbe d&rsquo;huile, est charg\u00e9 de transmettre le signal \u00e0 l&rsquo;UCE au sujet de la pression d&rsquo;huile dans le moteur, et \u00e9met le signal \u00e0 l&rsquo;indicateur du tableau.<\/p>\n","protected":false},"excerpt":{"rendered":"<p>Le capteur de pression d&rsquo;huile connu aussi sous le nom de bulbe d&rsquo;huile, est charg\u00e9 de transmettre le signal \u00e0 l&rsquo;UCE au sujet de la pression d&rsquo;huile dans le moteur, et \u00e9met le signal \u00e0 l&rsquo;indicateur du tableau.<\/p>\n","protected":false},"featured_media":3010,"comment_status":"open","ping_status":"closed","template":"","meta":[],"product_cat":[477,472],"product_tag":[],"_links":{"self":[{"href":"https:\/\/dev.cautex.com\/fr\/wp-json\/wp\/v2\/product\/3116"}],"collection":[{"href":"https:\/\/dev.cautex.com\/fr\/wp-json\/wp\/v2\/product"}],"about":[{"href":"https:\/\/dev.cautex.com\/fr\/wp-json\/wp\/v2\/types\/product"}],"replies":[{"embeddable":true,"href":"https:\/\/dev.cautex.com\/fr\/wp-json\/wp\/v2\/comments?post=3116"}],"wp:featuredmedia":[{"embeddable":true,"href":"https:\/\/dev.cautex.com\/fr\/wp-json\/wp\/v2\/media\/3010"}],"wp:attachment":[{"href":"https:\/\/dev.cautex.com\/fr\/wp-json\/wp\/v2\/media?parent=3116"}],"wp:term":[{"taxonomy":"product_cat","embeddable":true,"href":"https:\/\/dev.cautex.com\/fr\/wp-json\/wp\/v2\/product_cat?post=3116"},{"taxonomy":"product_tag","embeddable":true,"href":"https:\/\/dev.cautex.com\/fr\/wp-json\/wp\/v2\/product_tag?post=3116"}],"curies":[{"name":"wp","href":"https:\/\/api.w.org\/{rel}","templated":true}]}}