{"id":3115,"date":"2022-07-05T09:01:27","date_gmt":"2022-07-05T09:01:27","guid":{"rendered":"https:\/\/www.cautex.com\/producto\/carter-dhuile"},"modified":"2022-07-05T09:01:27","modified_gmt":"2022-07-05T09:01:27","slug":"carter-dhuile","status":"publish","type":"product","link":"https:\/\/dev.cautex.com\/fr\/producto\/carter-dhuile\/","title":{"rendered":"CARTER D&rsquo;HUILE"},"content":{"rendered":"<p>S\u00e9lection de carters inf\u00e9rieurs d&rsquo;aluminium et plaques d&rsquo;acier charg\u00e9s de r\u00e9cup\u00e9rer l&rsquo;huile qui s&rsquo;\u00e9chappe du moteur, la retenir pour une lubrification constante en offrant un fonctionnement optimal en permettant de pr\u00e9venir les futures failles.<\/p>\n","protected":false},"excerpt":{"rendered":"<p>S\u00e9lection de carters inf\u00e9rieurs d&rsquo;aluminium et plaques d&rsquo;acier charg\u00e9s de r\u00e9cup\u00e9rer l&rsquo;huile qui s&rsquo;\u00e9chappe du moteur, la retenir pour une lubrification constante en offrant un fonctionnement optimal en permettant de pr\u00e9venir les futures failles.<\/p>\n","protected":false},"featured_media":1976,"comment_status":"open","ping_status":"closed","template":"","meta":[],"product_cat":[490,495],"product_tag":[183],"_links":{"self":[{"href":"https:\/\/dev.cautex.com\/fr\/wp-json\/wp\/v2\/product\/3115"}],"collection":[{"href":"https:\/\/dev.cautex.com\/fr\/wp-json\/wp\/v2\/product"}],"about":[{"href":"https:\/\/dev.cautex.com\/fr\/wp-json\/wp\/v2\/types\/product"}],"replies":[{"embeddable":true,"href":"https:\/\/dev.cautex.com\/fr\/wp-json\/wp\/v2\/comments?post=3115"}],"wp:featuredmedia":[{"embeddable":true,"href":"https:\/\/dev.cautex.com\/fr\/wp-json\/wp\/v2\/media\/1976"}],"wp:attachment":[{"href":"https:\/\/dev.cautex.com\/fr\/wp-json\/wp\/v2\/media?parent=3115"}],"wp:term":[{"taxonomy":"product_cat","embeddable":true,"href":"https:\/\/dev.cautex.com\/fr\/wp-json\/wp\/v2\/product_cat?post=3115"},{"taxonomy":"product_tag","embeddable":true,"href":"https:\/\/dev.cautex.com\/fr\/wp-json\/wp\/v2\/product_tag?post=3115"}],"curies":[{"name":"wp","href":"https:\/\/api.w.org\/{rel}","templated":true}]}}