{"id":3114,"date":"2022-07-05T07:41:14","date_gmt":"2022-07-05T07:41:14","guid":{"rendered":"https:\/\/www.cautex.com\/producto\/jauges-et-guides-niveau-huile"},"modified":"2022-07-05T07:41:14","modified_gmt":"2022-07-05T07:41:14","slug":"jauges-et-guides-niveau-huile","status":"publish","type":"product","link":"https:\/\/dev.cautex.com\/fr\/producto\/jauges-et-guides-niveau-huile\/","title":{"rendered":"JAUGES ET GUIDES NIVEAU HUILE"},"content":{"rendered":"<p>La jauge \u00e0 huile est un \u00e9l\u00e9ment utilis\u00e9 pour d\u00e9terminer avec pr\u00e9cision la quantit\u00e9 de lubrifiant dans le v\u00e9hicule. Elle est parfois surmont\u00e9e d&rsquo;un indicateur en plastique \u00e0 une extr\u00e9mit\u00e9 tandis qu&rsquo;\u00e0 l&rsquo;autre extr\u00e9mit\u00e9 se trouve une bague pour un retrait facile. Deux marques sont indiqu\u00e9es sur la pointe de la jauge. L&rsquo;une sup\u00e9rieure qui indique le niveau maximal, et l&rsquo;autre inf\u00e9rieure qui indique le niveau minimal avec lesquels le moteur peut fonctionner.<\/p>\n","protected":false},"excerpt":{"rendered":"<p>La jauge \u00e0 huile est un \u00e9l\u00e9ment utilis\u00e9 pour d\u00e9terminer avec pr\u00e9cision la quantit\u00e9 de lubrifiant dans le v\u00e9hicule. Elle est parfois surmont\u00e9e d&rsquo;un indicateur en plastique \u00e0 une extr\u00e9mit\u00e9 tandis qu&rsquo;\u00e0 l&rsquo;autre extr\u00e9mit\u00e9 se trouve une bague pour un retrait facile. Deux marques sont indiqu\u00e9es sur la pointe de la jauge. L&rsquo;une sup\u00e9rieure qui [&hellip;]<\/p>\n","protected":false},"featured_media":1943,"comment_status":"open","ping_status":"closed","template":"","meta":[],"product_cat":[447,466],"product_tag":[170],"_links":{"self":[{"href":"https:\/\/dev.cautex.com\/fr\/wp-json\/wp\/v2\/product\/3114"}],"collection":[{"href":"https:\/\/dev.cautex.com\/fr\/wp-json\/wp\/v2\/product"}],"about":[{"href":"https:\/\/dev.cautex.com\/fr\/wp-json\/wp\/v2\/types\/product"}],"replies":[{"embeddable":true,"href":"https:\/\/dev.cautex.com\/fr\/wp-json\/wp\/v2\/comments?post=3114"}],"wp:featuredmedia":[{"embeddable":true,"href":"https:\/\/dev.cautex.com\/fr\/wp-json\/wp\/v2\/media\/1943"}],"wp:attachment":[{"href":"https:\/\/dev.cautex.com\/fr\/wp-json\/wp\/v2\/media?parent=3114"}],"wp:term":[{"taxonomy":"product_cat","embeddable":true,"href":"https:\/\/dev.cautex.com\/fr\/wp-json\/wp\/v2\/product_cat?post=3114"},{"taxonomy":"product_tag","embeddable":true,"href":"https:\/\/dev.cautex.com\/fr\/wp-json\/wp\/v2\/product_tag?post=3114"}],"curies":[{"name":"wp","href":"https:\/\/api.w.org\/{rel}","templated":true}]}}