{"id":3113,"date":"2022-07-06T08:04:20","date_gmt":"2022-07-06T08:04:20","guid":{"rendered":"https:\/\/www.cautex.com\/producto\/cable-de-transmission-de-lodometre"},"modified":"2022-07-06T08:04:20","modified_gmt":"2022-07-06T08:04:20","slug":"cable-de-transmission-de-lodometre","status":"publish","type":"product","link":"https:\/\/dev.cautex.com\/fr\/producto\/cable-de-transmission-de-lodometre\/","title":{"rendered":"C\u00c2BLE DE TRANSMISSION DE L&rsquo;ODOM\u00c8TRE"},"content":{"rendered":"<p>Le c\u00e2ble de transmission du compteur kilom\u00e9trique contr\u00f4le les rotations dans la bo\u00eete \u00e0 vitesse, qui permet de calculer la vitesse du v\u00e9hicule. Bien qu&rsquo;elles soient des pi\u00e8ces d&rsquo;une technique relativement simple, elles demandent de la pr\u00e9cision et de l&rsquo;habilit\u00e9 pour leur fabrication, et pour une bonne lubrification.<\/p>\n","protected":false},"excerpt":{"rendered":"<p>Le c\u00e2ble de transmission du compteur kilom\u00e9trique contr\u00f4le les rotations dans la bo\u00eete \u00e0 vitesse, qui permet de calculer la vitesse du v\u00e9hicule. Bien qu&rsquo;elles soient des pi\u00e8ces d&rsquo;une technique relativement simple, elles demandent de la pr\u00e9cision et de l&rsquo;habilit\u00e9 pour leur fabrication, et pour une bonne lubrification.<\/p>\n","protected":false},"featured_media":2012,"comment_status":"open","ping_status":"closed","template":"","meta":[],"product_cat":[437,445],"product_tag":[194],"_links":{"self":[{"href":"https:\/\/dev.cautex.com\/fr\/wp-json\/wp\/v2\/product\/3113"}],"collection":[{"href":"https:\/\/dev.cautex.com\/fr\/wp-json\/wp\/v2\/product"}],"about":[{"href":"https:\/\/dev.cautex.com\/fr\/wp-json\/wp\/v2\/types\/product"}],"replies":[{"embeddable":true,"href":"https:\/\/dev.cautex.com\/fr\/wp-json\/wp\/v2\/comments?post=3113"}],"wp:featuredmedia":[{"embeddable":true,"href":"https:\/\/dev.cautex.com\/fr\/wp-json\/wp\/v2\/media\/2012"}],"wp:attachment":[{"href":"https:\/\/dev.cautex.com\/fr\/wp-json\/wp\/v2\/media?parent=3113"}],"wp:term":[{"taxonomy":"product_cat","embeddable":true,"href":"https:\/\/dev.cautex.com\/fr\/wp-json\/wp\/v2\/product_cat?post=3113"},{"taxonomy":"product_tag","embeddable":true,"href":"https:\/\/dev.cautex.com\/fr\/wp-json\/wp\/v2\/product_tag?post=3113"}],"curies":[{"name":"wp","href":"https:\/\/api.w.org\/{rel}","templated":true}]}}