{"id":3112,"date":"2022-07-01T10:22:39","date_gmt":"2022-07-01T10:22:39","guid":{"rendered":"https:\/\/www.cautex.com\/producto\/tube-pap"},"modified":"2022-07-01T10:22:39","modified_gmt":"2022-07-01T10:22:39","slug":"tube-pap","status":"publish","type":"product","link":"https:\/\/dev.cautex.com\/fr\/producto\/tube-pap\/","title":{"rendered":"TUBE PAP"},"content":{"rendered":"<p>Tubes flexibles pour les conduits d&rsquo;air et de gaz. Ils peuvent \u00eatre en aluminium \u00e0 trois couche (A.A.A.) avec une r\u00e9sistance jusqu&rsquo;\u00e0 120\u00baC ou en Papier-Aluminium-Papier (P.A.P.) trois couches, pouvant endurer des temp\u00e9ratures de 400\u00baC.<\/p>\n","protected":false},"excerpt":{"rendered":"<p>Tubes flexibles pour les conduits d&rsquo;air et de gaz. Ils peuvent \u00eatre en aluminium \u00e0 trois couche (A.A.A.) avec une r\u00e9sistance jusqu&rsquo;\u00e0 120\u00baC ou en Papier-Aluminium-Papier (P.A.P.) trois couches, pouvant endurer des temp\u00e9ratures de 400\u00baC.<\/p>\n","protected":false},"featured_media":1856,"comment_status":"open","ping_status":"closed","template":"","meta":[],"product_cat":[514,503],"product_tag":[149],"_links":{"self":[{"href":"https:\/\/dev.cautex.com\/fr\/wp-json\/wp\/v2\/product\/3112"}],"collection":[{"href":"https:\/\/dev.cautex.com\/fr\/wp-json\/wp\/v2\/product"}],"about":[{"href":"https:\/\/dev.cautex.com\/fr\/wp-json\/wp\/v2\/types\/product"}],"replies":[{"embeddable":true,"href":"https:\/\/dev.cautex.com\/fr\/wp-json\/wp\/v2\/comments?post=3112"}],"wp:featuredmedia":[{"embeddable":true,"href":"https:\/\/dev.cautex.com\/fr\/wp-json\/wp\/v2\/media\/1856"}],"wp:attachment":[{"href":"https:\/\/dev.cautex.com\/fr\/wp-json\/wp\/v2\/media?parent=3112"}],"wp:term":[{"taxonomy":"product_cat","embeddable":true,"href":"https:\/\/dev.cautex.com\/fr\/wp-json\/wp\/v2\/product_cat?post=3112"},{"taxonomy":"product_tag","embeddable":true,"href":"https:\/\/dev.cautex.com\/fr\/wp-json\/wp\/v2\/product_tag?post=3112"}],"curies":[{"name":"wp","href":"https:\/\/api.w.org\/{rel}","templated":true}]}}