{"id":3109,"date":"2022-07-06T08:02:57","date_gmt":"2022-07-06T08:02:57","guid":{"rendered":"https:\/\/www.cautex.com\/producto\/reglage-manuel-du-cable-dembrayage"},"modified":"2022-07-06T08:02:57","modified_gmt":"2022-07-06T08:02:57","slug":"reglage-manuel-du-cable-dembrayage","status":"publish","type":"product","link":"https:\/\/dev.cautex.com\/fr\/producto\/reglage-manuel-du-cable-dembrayage\/","title":{"rendered":"R\u00c9GLAGE MANUEL DU C\u00c2BLE D&rsquo;EMBRAYAGE"},"content":{"rendered":"<p>Lorsque la p\u00e9dale d&#8217;embrayage est actionn\u00e9e, elle permet \u00e0 l&#8217;embrayage de se d\u00e9sengager du volant moteur afin d&rsquo;effectuer un changement de vitesse et donc de v\u00e9locit\u00e9. Concernant des c\u00e2bles d&#8217;embrayage manuels, l&#8217;embrayage se fait manuellement par un r\u00e9glage des diff\u00e9rentes parties de l&#8217;embrayage.<\/p>\n","protected":false},"excerpt":{"rendered":"<p>Lorsque la p\u00e9dale d&#8217;embrayage est actionn\u00e9e, elle permet \u00e0 l&#8217;embrayage de se d\u00e9sengager du volant moteur afin d&rsquo;effectuer un changement de vitesse et donc de v\u00e9locit\u00e9. Concernant des c\u00e2bles d&#8217;embrayage manuels, l&#8217;embrayage se fait manuellement par un r\u00e9glage des diff\u00e9rentes parties de l&#8217;embrayage.<\/p>\n","protected":false},"featured_media":2009,"comment_status":"open","ping_status":"closed","template":"","meta":[],"product_cat":[437,441],"product_tag":[193],"_links":{"self":[{"href":"https:\/\/dev.cautex.com\/fr\/wp-json\/wp\/v2\/product\/3109"}],"collection":[{"href":"https:\/\/dev.cautex.com\/fr\/wp-json\/wp\/v2\/product"}],"about":[{"href":"https:\/\/dev.cautex.com\/fr\/wp-json\/wp\/v2\/types\/product"}],"replies":[{"embeddable":true,"href":"https:\/\/dev.cautex.com\/fr\/wp-json\/wp\/v2\/comments?post=3109"}],"wp:featuredmedia":[{"embeddable":true,"href":"https:\/\/dev.cautex.com\/fr\/wp-json\/wp\/v2\/media\/2009"}],"wp:attachment":[{"href":"https:\/\/dev.cautex.com\/fr\/wp-json\/wp\/v2\/media?parent=3109"}],"wp:term":[{"taxonomy":"product_cat","embeddable":true,"href":"https:\/\/dev.cautex.com\/fr\/wp-json\/wp\/v2\/product_cat?post=3109"},{"taxonomy":"product_tag","embeddable":true,"href":"https:\/\/dev.cautex.com\/fr\/wp-json\/wp\/v2\/product_tag?post=3109"}],"curies":[{"name":"wp","href":"https:\/\/api.w.org\/{rel}","templated":true}]}}