{"id":3108,"date":"2022-07-01T07:47:59","date_gmt":"2022-07-01T07:47:59","guid":{"rendered":"https:\/\/www.cautex.com\/producto\/serrures"},"modified":"2022-07-01T07:47:59","modified_gmt":"2022-07-01T07:47:59","slug":"serrures","status":"publish","type":"product","link":"https:\/\/dev.cautex.com\/fr\/producto\/serrures\/","title":{"rendered":"SERRURES"},"content":{"rendered":"<p>Bien que la plupart des v\u00e9hicules actuels soient \u00e9quip\u00e9s d&rsquo;un syst\u00e8me de fermeture centralis\u00e9, les serrures ont \u00e9t\u00e9 pr\u00e9serv\u00e9es pour le cas o\u00f9 le syst\u00e8me \u00e9lectronique serait d\u00e9faillant. Voil\u00e0 pourquoi, on trouve encore des serrures aux porti\u00e8res, au coffre et \u00e0 l&rsquo;antivol de direction. Cautex dispose d&rsquo;un \u00e9ventail sp\u00e9cifique pour diff\u00e9rentes serrures en pr\u00e9vision d&rsquo;une faille du syst\u00e8me \u00e9lectrique, ainsi que diverses serrures pour certains v\u00e9hicules anciens.<\/p>\n","protected":false},"excerpt":{"rendered":"<p>Bien que la plupart des v\u00e9hicules actuels soient \u00e9quip\u00e9s d&rsquo;un syst\u00e8me de fermeture centralis\u00e9, les serrures ont \u00e9t\u00e9 pr\u00e9serv\u00e9es pour le cas o\u00f9 le syst\u00e8me \u00e9lectronique serait d\u00e9faillant. Voil\u00e0 pourquoi, on trouve encore des serrures aux porti\u00e8res, au coffre et \u00e0 l&rsquo;antivol de direction. Cautex dispose d&rsquo;un \u00e9ventail sp\u00e9cifique pour diff\u00e9rentes serrures en pr\u00e9vision d&rsquo;une [&hellip;]<\/p>\n","protected":false},"featured_media":1844,"comment_status":"open","ping_status":"closed","template":"","meta":[],"product_cat":[470],"product_tag":[],"_links":{"self":[{"href":"https:\/\/dev.cautex.com\/fr\/wp-json\/wp\/v2\/product\/3108"}],"collection":[{"href":"https:\/\/dev.cautex.com\/fr\/wp-json\/wp\/v2\/product"}],"about":[{"href":"https:\/\/dev.cautex.com\/fr\/wp-json\/wp\/v2\/types\/product"}],"replies":[{"embeddable":true,"href":"https:\/\/dev.cautex.com\/fr\/wp-json\/wp\/v2\/comments?post=3108"}],"wp:featuredmedia":[{"embeddable":true,"href":"https:\/\/dev.cautex.com\/fr\/wp-json\/wp\/v2\/media\/1844"}],"wp:attachment":[{"href":"https:\/\/dev.cautex.com\/fr\/wp-json\/wp\/v2\/media?parent=3108"}],"wp:term":[{"taxonomy":"product_cat","embeddable":true,"href":"https:\/\/dev.cautex.com\/fr\/wp-json\/wp\/v2\/product_cat?post=3108"},{"taxonomy":"product_tag","embeddable":true,"href":"https:\/\/dev.cautex.com\/fr\/wp-json\/wp\/v2\/product_tag?post=3108"}],"curies":[{"name":"wp","href":"https:\/\/api.w.org\/{rel}","templated":true}]}}