{"id":3107,"date":"2022-07-01T07:42:29","date_gmt":"2022-07-01T07:42:29","guid":{"rendered":"https:\/\/www.cautex.com\/producto\/joints-et-profiles"},"modified":"2022-07-01T07:42:29","modified_gmt":"2022-07-01T07:42:29","slug":"joints-et-profiles","status":"publish","type":"product","link":"https:\/\/dev.cautex.com\/fr\/producto\/joints-et-profiles\/","title":{"rendered":"JOINTS ET PROFILES"},"content":{"rendered":"<p>Un large \u00e9ventail avec diff\u00e9rentes tailles et divers types de joints et profiles pour contour de porti\u00e8res, pare-brises, spongieux, magn\u00e9tiques\u2026 Disponibles en plusieurs mat\u00e9riaux, tels que le caoutchouc naturel, EPDM, nitrile&#8230;<\/p>\n","protected":false},"excerpt":{"rendered":"<p>Un large \u00e9ventail avec diff\u00e9rentes tailles et divers types de joints et profiles pour contour de porti\u00e8res, pare-brises, spongieux, magn\u00e9tiques\u2026 Disponibles en plusieurs mat\u00e9riaux, tels que le caoutchouc naturel, EPDM, nitrile&#8230;<\/p>\n","protected":false},"featured_media":1841,"comment_status":"open","ping_status":"closed","template":"","meta":[],"product_cat":[478],"product_tag":[],"_links":{"self":[{"href":"https:\/\/dev.cautex.com\/fr\/wp-json\/wp\/v2\/product\/3107"}],"collection":[{"href":"https:\/\/dev.cautex.com\/fr\/wp-json\/wp\/v2\/product"}],"about":[{"href":"https:\/\/dev.cautex.com\/fr\/wp-json\/wp\/v2\/types\/product"}],"replies":[{"embeddable":true,"href":"https:\/\/dev.cautex.com\/fr\/wp-json\/wp\/v2\/comments?post=3107"}],"wp:featuredmedia":[{"embeddable":true,"href":"https:\/\/dev.cautex.com\/fr\/wp-json\/wp\/v2\/media\/1841"}],"wp:attachment":[{"href":"https:\/\/dev.cautex.com\/fr\/wp-json\/wp\/v2\/media?parent=3107"}],"wp:term":[{"taxonomy":"product_cat","embeddable":true,"href":"https:\/\/dev.cautex.com\/fr\/wp-json\/wp\/v2\/product_cat?post=3107"},{"taxonomy":"product_tag","embeddable":true,"href":"https:\/\/dev.cautex.com\/fr\/wp-json\/wp\/v2\/product_tag?post=3107"}],"curies":[{"name":"wp","href":"https:\/\/api.w.org\/{rel}","templated":true}]}}