{"id":3106,"date":"2022-07-05T08:59:12","date_gmt":"2022-07-05T08:59:12","guid":{"rendered":"https:\/\/www.cautex.com\/producto\/echangeur-de-chaleur"},"modified":"2022-07-05T08:59:12","modified_gmt":"2022-07-05T08:59:12","slug":"echangeur-de-chaleur","status":"publish","type":"product","link":"https:\/\/dev.cautex.com\/fr\/producto\/echangeur-de-chaleur\/","title":{"rendered":"\u00c9CHANGEUR DE CHALEUR"},"content":{"rendered":"<p>S\u00e9lection d&rsquo;\u00e9changeurs de chaleur et de radiateurs \u00e0 huile. Gr\u00e2ce \u00e0 l&rsquo;air ext\u00e9rieur et \u00e0 l&rsquo;eau r\u00e9frig\u00e9rante qui coule autour, ils maintiennent une temp\u00e9rature adapt\u00e9e \u00e0 la lubrification des parties mobiles qui assurent un bon \u00e9quilibre thermique du moteur.<\/p>\n","protected":false},"excerpt":{"rendered":"<p>S\u00e9lection d&rsquo;\u00e9changeurs de chaleur et de radiateurs \u00e0 huile. Gr\u00e2ce \u00e0 l&rsquo;air ext\u00e9rieur et \u00e0 l&rsquo;eau r\u00e9frig\u00e9rante qui coule autour, ils maintiennent une temp\u00e9rature adapt\u00e9e \u00e0 la lubrification des parties mobiles qui assurent un bon \u00e9quilibre thermique du moteur.<\/p>\n","protected":false},"featured_media":1973,"comment_status":"open","ping_status":"closed","template":"","meta":[],"product_cat":[490,496],"product_tag":[182],"_links":{"self":[{"href":"https:\/\/dev.cautex.com\/fr\/wp-json\/wp\/v2\/product\/3106"}],"collection":[{"href":"https:\/\/dev.cautex.com\/fr\/wp-json\/wp\/v2\/product"}],"about":[{"href":"https:\/\/dev.cautex.com\/fr\/wp-json\/wp\/v2\/types\/product"}],"replies":[{"embeddable":true,"href":"https:\/\/dev.cautex.com\/fr\/wp-json\/wp\/v2\/comments?post=3106"}],"wp:featuredmedia":[{"embeddable":true,"href":"https:\/\/dev.cautex.com\/fr\/wp-json\/wp\/v2\/media\/1973"}],"wp:attachment":[{"href":"https:\/\/dev.cautex.com\/fr\/wp-json\/wp\/v2\/media?parent=3106"}],"wp:term":[{"taxonomy":"product_cat","embeddable":true,"href":"https:\/\/dev.cautex.com\/fr\/wp-json\/wp\/v2\/product_cat?post=3106"},{"taxonomy":"product_tag","embeddable":true,"href":"https:\/\/dev.cautex.com\/fr\/wp-json\/wp\/v2\/product_tag?post=3106"}],"curies":[{"name":"wp","href":"https:\/\/api.w.org\/{rel}","templated":true}]}}