{"id":3105,"date":"2022-07-12T07:47:13","date_gmt":"2022-07-12T07:47:13","guid":{"rendered":"https:\/\/www.cautex.com\/producto\/filtres-gpl"},"modified":"2022-07-12T07:47:13","modified_gmt":"2022-07-12T07:47:13","slug":"filtres-gpl","status":"publish","type":"product","link":"https:\/\/dev.cautex.com\/fr\/producto\/filtres-gpl\/","title":{"rendered":"FILTRES GPL"},"content":{"rendered":"<p>Le LPG repr\u00e9sente une v\u00e9ritable alternative \u00e9cologique au carburant. Option propre et respectueuse de l&rsquo;environnement, il n&rsquo;\u00e9met pas de particules polluantes et il est plus \u00e9conomique que l&rsquo;essence. Renouvelez votre filtre \u00e0 gaz au moins tous les 20 000 kilom\u00e8tres afin d&rsquo;\u00e9viter la contamination du syst\u00e8me de gaz et des injecteurs.<\/p>\n","protected":false},"excerpt":{"rendered":"<p>Le LPG repr\u00e9sente une v\u00e9ritable alternative \u00e9cologique au carburant. Option propre et respectueuse de l&rsquo;environnement, il n&rsquo;\u00e9met pas de particules polluantes et il est plus \u00e9conomique que l&rsquo;essence. Renouvelez votre filtre \u00e0 gaz au moins tous les 20 000 kilom\u00e8tres afin d&rsquo;\u00e9viter la contamination du syst\u00e8me de gaz et des injecteurs.<\/p>\n","protected":false},"featured_media":3024,"comment_status":"open","ping_status":"closed","template":"","meta":[],"product_cat":[515,527],"product_tag":[],"_links":{"self":[{"href":"https:\/\/dev.cautex.com\/fr\/wp-json\/wp\/v2\/product\/3105"}],"collection":[{"href":"https:\/\/dev.cautex.com\/fr\/wp-json\/wp\/v2\/product"}],"about":[{"href":"https:\/\/dev.cautex.com\/fr\/wp-json\/wp\/v2\/types\/product"}],"replies":[{"embeddable":true,"href":"https:\/\/dev.cautex.com\/fr\/wp-json\/wp\/v2\/comments?post=3105"}],"wp:featuredmedia":[{"embeddable":true,"href":"https:\/\/dev.cautex.com\/fr\/wp-json\/wp\/v2\/media\/3024"}],"wp:attachment":[{"href":"https:\/\/dev.cautex.com\/fr\/wp-json\/wp\/v2\/media?parent=3105"}],"wp:term":[{"taxonomy":"product_cat","embeddable":true,"href":"https:\/\/dev.cautex.com\/fr\/wp-json\/wp\/v2\/product_cat?post=3105"},{"taxonomy":"product_tag","embeddable":true,"href":"https:\/\/dev.cautex.com\/fr\/wp-json\/wp\/v2\/product_tag?post=3105"}],"curies":[{"name":"wp","href":"https:\/\/api.w.org\/{rel}","templated":true}]}}