{"id":3104,"date":"2022-07-01T10:19:10","date_gmt":"2022-07-01T10:19:10","guid":{"rendered":"https:\/\/www.cautex.com\/producto\/tube-carburant"},"modified":"2022-07-01T10:19:10","modified_gmt":"2022-07-01T10:19:10","slug":"tube-carburant","status":"publish","type":"product","link":"https:\/\/dev.cautex.com\/fr\/producto\/tube-carburant\/","title":{"rendered":"TUBE CARBURANT"},"content":{"rendered":"<p>Nous disposons de diff\u00e9rentes gammes de produits, livr\u00e9es en bobines selon la finition, la composition et l&rsquo;utilisation pr\u00e9vue du produit : caoutchouc seul, renfort textile interm\u00e9diaire, renfort textiles ext\u00e9rieur, bi-composant, tubes PVC transparent&#8230;<\/p>\n","protected":false},"excerpt":{"rendered":"<p>Nous disposons de diff\u00e9rentes gammes de produits, livr\u00e9es en bobines selon la finition, la composition et l&rsquo;utilisation pr\u00e9vue du produit : caoutchouc seul, renfort textile interm\u00e9diaire, renfort textiles ext\u00e9rieur, bi-composant, tubes PVC transparent&#8230;<\/p>\n","protected":false},"featured_media":1859,"comment_status":"open","ping_status":"closed","template":"","meta":[],"product_cat":[507,503],"product_tag":[148],"_links":{"self":[{"href":"https:\/\/dev.cautex.com\/fr\/wp-json\/wp\/v2\/product\/3104"}],"collection":[{"href":"https:\/\/dev.cautex.com\/fr\/wp-json\/wp\/v2\/product"}],"about":[{"href":"https:\/\/dev.cautex.com\/fr\/wp-json\/wp\/v2\/types\/product"}],"replies":[{"embeddable":true,"href":"https:\/\/dev.cautex.com\/fr\/wp-json\/wp\/v2\/comments?post=3104"}],"wp:featuredmedia":[{"embeddable":true,"href":"https:\/\/dev.cautex.com\/fr\/wp-json\/wp\/v2\/media\/1859"}],"wp:attachment":[{"href":"https:\/\/dev.cautex.com\/fr\/wp-json\/wp\/v2\/media?parent=3104"}],"wp:term":[{"taxonomy":"product_cat","embeddable":true,"href":"https:\/\/dev.cautex.com\/fr\/wp-json\/wp\/v2\/product_cat?post=3104"},{"taxonomy":"product_tag","embeddable":true,"href":"https:\/\/dev.cautex.com\/fr\/wp-json\/wp\/v2\/product_tag?post=3104"}],"curies":[{"name":"wp","href":"https:\/\/api.w.org\/{rel}","templated":true}]}}