{"id":3103,"date":"2022-07-06T08:17:21","date_gmt":"2022-07-06T08:17:21","guid":{"rendered":"https:\/\/www.cautex.com\/producto\/filtres-carburant"},"modified":"2022-07-06T08:17:21","modified_gmt":"2022-07-06T08:17:21","slug":"filtres-carburant","status":"publish","type":"product","link":"https:\/\/dev.cautex.com\/fr\/producto\/filtres-carburant\/","title":{"rendered":"FILTRES CARBURANT"},"content":{"rendered":"<p>Le filtre \u00e0 essence est un \u00e9l\u00e9ment essentiel pour un bon fonctionnement du moteur, puisqu&rsquo;il fait office de barri\u00e8re et pr\u00e9vient la p\u00e9n\u00e9tration de salet\u00e9s ou d&rsquo;impuret\u00e9s dans le circuit d&rsquo;injection, la pompe \u00e0 pression, les injecteurs ou le circuit d&rsquo;alimentation.<\/p>\n","protected":false},"excerpt":{"rendered":"<p>Le filtre \u00e0 essence est un \u00e9l\u00e9ment essentiel pour un bon fonctionnement du moteur, puisqu&rsquo;il fait office de barri\u00e8re et pr\u00e9vient la p\u00e9n\u00e9tration de salet\u00e9s ou d&rsquo;impuret\u00e9s dans le circuit d&rsquo;injection, la pompe \u00e0 pression, les injecteurs ou le circuit d&rsquo;alimentation.<\/p>\n","protected":false},"featured_media":2036,"comment_status":"open","ping_status":"closed","template":"","meta":[],"product_cat":[515,517],"product_tag":[202],"_links":{"self":[{"href":"https:\/\/dev.cautex.com\/fr\/wp-json\/wp\/v2\/product\/3103"}],"collection":[{"href":"https:\/\/dev.cautex.com\/fr\/wp-json\/wp\/v2\/product"}],"about":[{"href":"https:\/\/dev.cautex.com\/fr\/wp-json\/wp\/v2\/types\/product"}],"replies":[{"embeddable":true,"href":"https:\/\/dev.cautex.com\/fr\/wp-json\/wp\/v2\/comments?post=3103"}],"wp:featuredmedia":[{"embeddable":true,"href":"https:\/\/dev.cautex.com\/fr\/wp-json\/wp\/v2\/media\/2036"}],"wp:attachment":[{"href":"https:\/\/dev.cautex.com\/fr\/wp-json\/wp\/v2\/media?parent=3103"}],"wp:term":[{"taxonomy":"product_cat","embeddable":true,"href":"https:\/\/dev.cautex.com\/fr\/wp-json\/wp\/v2\/product_cat?post=3103"},{"taxonomy":"product_tag","embeddable":true,"href":"https:\/\/dev.cautex.com\/fr\/wp-json\/wp\/v2\/product_tag?post=3103"}],"curies":[{"name":"wp","href":"https:\/\/api.w.org\/{rel}","templated":true}]}}