{"id":3102,"date":"2022-07-01T10:44:52","date_gmt":"2022-07-01T10:44:52","guid":{"rendered":"https:\/\/www.cautex.com\/producto\/tuyaux-flexibles"},"modified":"2022-07-01T10:44:52","modified_gmt":"2022-07-01T10:44:52","slug":"tuyaux-flexibles","status":"publish","type":"product","link":"https:\/\/dev.cautex.com\/fr\/producto\/tuyaux-flexibles\/","title":{"rendered":"TUYAUX FLEXIBLES"},"content":{"rendered":"<p>Nous disposons de deux gammes de ces produits : tuyaux flexibles pour la conduction de l&rsquo;air et de l&rsquo;eau, avec un fil interm\u00e9diaire ; et une durite pour la circulation de l&rsquo;eau, pour l&rsquo;impulsion et l&rsquo;aspiration de l&rsquo;eau, destin\u00e9s \u00e0 \u00eatre utilis\u00e9s sur le moteurs automobiles, les camions, les tracteurs, les g\u00e9n\u00e9rateurs, etc.<\/p>\n","protected":false},"excerpt":{"rendered":"<p>Nous disposons de deux gammes de ces produits : tuyaux flexibles pour la conduction de l&rsquo;air et de l&rsquo;eau, avec un fil interm\u00e9diaire ; et une durite pour la circulation de l&rsquo;eau, pour l&rsquo;impulsion et l&rsquo;aspiration de l&rsquo;eau, destin\u00e9s \u00e0 \u00eatre utilis\u00e9s sur le moteurs automobiles, les camions, les tracteurs, les g\u00e9n\u00e9rateurs, etc.<\/p>\n","protected":false},"featured_media":1871,"comment_status":"open","ping_status":"closed","template":"","meta":[],"product_cat":[503,512],"product_tag":[153],"_links":{"self":[{"href":"https:\/\/dev.cautex.com\/fr\/wp-json\/wp\/v2\/product\/3102"}],"collection":[{"href":"https:\/\/dev.cautex.com\/fr\/wp-json\/wp\/v2\/product"}],"about":[{"href":"https:\/\/dev.cautex.com\/fr\/wp-json\/wp\/v2\/types\/product"}],"replies":[{"embeddable":true,"href":"https:\/\/dev.cautex.com\/fr\/wp-json\/wp\/v2\/comments?post=3102"}],"wp:featuredmedia":[{"embeddable":true,"href":"https:\/\/dev.cautex.com\/fr\/wp-json\/wp\/v2\/media\/1871"}],"wp:attachment":[{"href":"https:\/\/dev.cautex.com\/fr\/wp-json\/wp\/v2\/media?parent=3102"}],"wp:term":[{"taxonomy":"product_cat","embeddable":true,"href":"https:\/\/dev.cautex.com\/fr\/wp-json\/wp\/v2\/product_cat?post=3102"},{"taxonomy":"product_tag","embeddable":true,"href":"https:\/\/dev.cautex.com\/fr\/wp-json\/wp\/v2\/product_tag?post=3102"}],"curies":[{"name":"wp","href":"https:\/\/api.w.org\/{rel}","templated":true}]}}