{"id":3101,"date":"2022-07-05T07:14:46","date_gmt":"2022-07-05T07:14:46","guid":{"rendered":"https:\/\/www.cautex.com\/producto\/flecteurs"},"modified":"2022-07-05T07:14:46","modified_gmt":"2022-07-05T07:14:46","slug":"flecteurs","status":"publish","type":"product","link":"https:\/\/dev.cautex.com\/fr\/producto\/flecteurs\/","title":{"rendered":"FLECTEURS"},"content":{"rendered":"<p>Un d\u00e9flecteur, connu aussi sous le nom de disque flexible, joint textile ou joint Rotoflex, est un type de joint utilis\u00e9 pour transmettre le couple de rotation d&rsquo;un arbre de transmission \u00e0 un autre arbre de transmission. Fabriqu\u00e9s avec un caoutchouc synth\u00e9tique flexible, ils sont con\u00e7us pour permettre un certain d\u00e9salignement angulaire tout en r\u00e9duisant la vibration.<\/p>\n","protected":false},"excerpt":{"rendered":"<p>Un d\u00e9flecteur, connu aussi sous le nom de disque flexible, joint textile ou joint Rotoflex, est un type de joint utilis\u00e9 pour transmettre le couple de rotation d&rsquo;un arbre de transmission \u00e0 un autre arbre de transmission. Fabriqu\u00e9s avec un caoutchouc synth\u00e9tique flexible, ils sont con\u00e7us pour permettre un certain d\u00e9salignement angulaire tout en r\u00e9duisant [&hellip;]<\/p>\n","protected":false},"featured_media":1910,"comment_status":"open","ping_status":"closed","template":"","meta":[],"product_cat":[447,453],"product_tag":[166],"_links":{"self":[{"href":"https:\/\/dev.cautex.com\/fr\/wp-json\/wp\/v2\/product\/3101"}],"collection":[{"href":"https:\/\/dev.cautex.com\/fr\/wp-json\/wp\/v2\/product"}],"about":[{"href":"https:\/\/dev.cautex.com\/fr\/wp-json\/wp\/v2\/types\/product"}],"replies":[{"embeddable":true,"href":"https:\/\/dev.cautex.com\/fr\/wp-json\/wp\/v2\/comments?post=3101"}],"wp:featuredmedia":[{"embeddable":true,"href":"https:\/\/dev.cautex.com\/fr\/wp-json\/wp\/v2\/media\/1910"}],"wp:attachment":[{"href":"https:\/\/dev.cautex.com\/fr\/wp-json\/wp\/v2\/media?parent=3101"}],"wp:term":[{"taxonomy":"product_cat","embeddable":true,"href":"https:\/\/dev.cautex.com\/fr\/wp-json\/wp\/v2\/product_cat?post=3101"},{"taxonomy":"product_tag","embeddable":true,"href":"https:\/\/dev.cautex.com\/fr\/wp-json\/wp\/v2\/product_tag?post=3101"}],"curies":[{"name":"wp","href":"https:\/\/api.w.org\/{rel}","templated":true}]}}