{"id":3100,"date":"2022-07-05T08:57:21","date_gmt":"2022-07-05T08:57:21","guid":{"rendered":"https:\/\/www.cautex.com\/producto\/raccords-et-buses"},"modified":"2022-07-05T08:57:21","modified_gmt":"2022-07-05T08:57:21","slug":"raccords-et-buses","status":"publish","type":"product","link":"https:\/\/dev.cautex.com\/fr\/producto\/raccords-et-buses\/","title":{"rendered":"RACCORDS ET BUSES"},"content":{"rendered":"<p>Grande vari\u00e9t\u00e9 de raccords, de buses et de connecteurs universels de diff\u00e9rentes tailles et applications, destin\u00e9s initialement pour l&rsquo;automobile mais qui ont servi par la suite \u00e0 d&rsquo;autres utilisations.<\/p>\n","protected":false},"excerpt":{"rendered":"<p>Grande vari\u00e9t\u00e9 de raccords, de buses et de connecteurs universels de diff\u00e9rentes tailles et applications, destin\u00e9s initialement pour l&rsquo;automobile mais qui ont servi par la suite \u00e0 d&rsquo;autres utilisations.<\/p>\n","protected":false},"featured_media":1970,"comment_status":"open","ping_status":"closed","template":"","meta":[],"product_cat":[490,499],"product_tag":[181],"_links":{"self":[{"href":"https:\/\/dev.cautex.com\/fr\/wp-json\/wp\/v2\/product\/3100"}],"collection":[{"href":"https:\/\/dev.cautex.com\/fr\/wp-json\/wp\/v2\/product"}],"about":[{"href":"https:\/\/dev.cautex.com\/fr\/wp-json\/wp\/v2\/types\/product"}],"replies":[{"embeddable":true,"href":"https:\/\/dev.cautex.com\/fr\/wp-json\/wp\/v2\/comments?post=3100"}],"wp:featuredmedia":[{"embeddable":true,"href":"https:\/\/dev.cautex.com\/fr\/wp-json\/wp\/v2\/media\/1970"}],"wp:attachment":[{"href":"https:\/\/dev.cautex.com\/fr\/wp-json\/wp\/v2\/media?parent=3100"}],"wp:term":[{"taxonomy":"product_cat","embeddable":true,"href":"https:\/\/dev.cautex.com\/fr\/wp-json\/wp\/v2\/product_cat?post=3100"},{"taxonomy":"product_tag","embeddable":true,"href":"https:\/\/dev.cautex.com\/fr\/wp-json\/wp\/v2\/product_tag?post=3100"}],"curies":[{"name":"wp","href":"https:\/\/api.w.org\/{rel}","templated":true}]}}