{"id":3099,"date":"2022-07-06T07:53:23","date_gmt":"2022-07-06T07:53:23","guid":{"rendered":"https:\/\/www.cautex.com\/producto\/pompes-damorcage"},"modified":"2022-07-06T07:53:23","modified_gmt":"2022-07-06T07:53:23","slug":"pompes-damorcage","status":"publish","type":"product","link":"https:\/\/dev.cautex.com\/fr\/producto\/pompes-damorcage\/","title":{"rendered":"POMPES D&rsquo;AMOR\u00c7AGE"},"content":{"rendered":"<p>Les pompes d&rsquo;amor\u00e7age sont charg\u00e9es de remplir de liquide le tuyau d&rsquo;aspiration pour faciliter la succion en \u00e9vitant que des poches d&rsquo;air restent \u00e0 l&rsquo;int\u00e9rieur. Des vannes anti-retour sont disponibles, elles se chargent d&#8217;emp\u00eacher le passage du liquide qui circule dans une direction bien d\u00e9termin\u00e9e.<\/p>\n","protected":false},"excerpt":{"rendered":"<p>Les pompes d&rsquo;amor\u00e7age sont charg\u00e9es de remplir de liquide le tuyau d&rsquo;aspiration pour faciliter la succion en \u00e9vitant que des poches d&rsquo;air restent \u00e0 l&rsquo;int\u00e9rieur. Des vannes anti-retour sont disponibles, elles se chargent d&#8217;emp\u00eacher le passage du liquide qui circule dans une direction bien d\u00e9termin\u00e9e.<\/p>\n","protected":false},"featured_media":1988,"comment_status":"open","ping_status":"closed","template":"","meta":[],"product_cat":[490,492],"product_tag":[187],"_links":{"self":[{"href":"https:\/\/dev.cautex.com\/fr\/wp-json\/wp\/v2\/product\/3099"}],"collection":[{"href":"https:\/\/dev.cautex.com\/fr\/wp-json\/wp\/v2\/product"}],"about":[{"href":"https:\/\/dev.cautex.com\/fr\/wp-json\/wp\/v2\/types\/product"}],"replies":[{"embeddable":true,"href":"https:\/\/dev.cautex.com\/fr\/wp-json\/wp\/v2\/comments?post=3099"}],"wp:featuredmedia":[{"embeddable":true,"href":"https:\/\/dev.cautex.com\/fr\/wp-json\/wp\/v2\/media\/1988"}],"wp:attachment":[{"href":"https:\/\/dev.cautex.com\/fr\/wp-json\/wp\/v2\/media?parent=3099"}],"wp:term":[{"taxonomy":"product_cat","embeddable":true,"href":"https:\/\/dev.cautex.com\/fr\/wp-json\/wp\/v2\/product_cat?post=3099"},{"taxonomy":"product_tag","embeddable":true,"href":"https:\/\/dev.cautex.com\/fr\/wp-json\/wp\/v2\/product_tag?post=3099"}],"curies":[{"name":"wp","href":"https:\/\/api.w.org\/{rel}","templated":true}]}}