{"id":3098,"date":"2022-07-05T09:17:15","date_gmt":"2022-07-05T09:17:15","guid":{"rendered":"https:\/\/www.cautex.com\/producto\/bouteilles-et-bouchons-dexpansion"},"modified":"2022-07-05T09:17:15","modified_gmt":"2022-07-05T09:17:15","slug":"bouteilles-et-bouchons-dexpansion","status":"publish","type":"product","link":"https:\/\/dev.cautex.com\/fr\/producto\/bouteilles-et-bouchons-dexpansion\/","title":{"rendered":"BOUTEILLES ET BOUCHONS D&rsquo;EXPANSION"},"content":{"rendered":"<p>Une large gamme de vases et de bouchons r\u00e9sistants au feu qui ne font pas seulement fonction de d\u00e9p\u00f4t du liquide de refroidissement mais qui sont aussi charg\u00e9s d&rsquo;\u00e9liminer l&rsquo;exc\u00e8s de pression ou de d\u00e9pression pr\u00e9sente dans le radiateur.<\/p>\n","protected":false},"excerpt":{"rendered":"<p>Une large gamme de vases et de bouchons r\u00e9sistants au feu qui ne font pas seulement fonction de d\u00e9p\u00f4t du liquide de refroidissement mais qui sont aussi charg\u00e9s d&rsquo;\u00e9liminer l&rsquo;exc\u00e8s de pression ou de d\u00e9pression pr\u00e9sente dans le radiateur.<\/p>\n","protected":false},"featured_media":1982,"comment_status":"open","ping_status":"closed","template":"","meta":[],"product_cat":[490,494],"product_tag":[185],"_links":{"self":[{"href":"https:\/\/dev.cautex.com\/fr\/wp-json\/wp\/v2\/product\/3098"}],"collection":[{"href":"https:\/\/dev.cautex.com\/fr\/wp-json\/wp\/v2\/product"}],"about":[{"href":"https:\/\/dev.cautex.com\/fr\/wp-json\/wp\/v2\/types\/product"}],"replies":[{"embeddable":true,"href":"https:\/\/dev.cautex.com\/fr\/wp-json\/wp\/v2\/comments?post=3098"}],"wp:featuredmedia":[{"embeddable":true,"href":"https:\/\/dev.cautex.com\/fr\/wp-json\/wp\/v2\/media\/1982"}],"wp:attachment":[{"href":"https:\/\/dev.cautex.com\/fr\/wp-json\/wp\/v2\/media?parent=3098"}],"wp:term":[{"taxonomy":"product_cat","embeddable":true,"href":"https:\/\/dev.cautex.com\/fr\/wp-json\/wp\/v2\/product_cat?post=3098"},{"taxonomy":"product_tag","embeddable":true,"href":"https:\/\/dev.cautex.com\/fr\/wp-json\/wp\/v2\/product_tag?post=3098"}],"curies":[{"name":"wp","href":"https:\/\/api.w.org\/{rel}","templated":true}]}}