{"id":3097,"date":"2022-07-05T07:57:27","date_gmt":"2022-07-05T07:57:27","guid":{"rendered":"https:\/\/www.cautex.com\/producto\/supports-tub-dechappement"},"modified":"2022-07-05T07:57:27","modified_gmt":"2022-07-05T07:57:27","slug":"supports-tub-dechappement","status":"publish","type":"product","link":"https:\/\/dev.cautex.com\/fr\/producto\/supports-tub-dechappement\/","title":{"rendered":"SUPPORTS TUB D&rsquo;ECHAPPEMENT"},"content":{"rendered":"<p>Large gamme de supports silencieux, une solution id\u00e9ale pour les syst\u00e8mes d&rsquo;\u00e9chappement de tout type de voiture. Notre vaste catalogue offre des pi\u00e8ces de rechanges de silencieux des principaux constructeurs automobiles europ\u00e9ens et asiatiques.<\/p>\n","protected":false},"excerpt":{"rendered":"<p>Large gamme de supports silencieux, une solution id\u00e9ale pour les syst\u00e8mes d&rsquo;\u00e9chappement de tout type de voiture. Notre vaste catalogue offre des pi\u00e8ces de rechanges de silencieux des principaux constructeurs automobiles europ\u00e9ens et asiatiques.<\/p>\n","protected":false},"featured_media":1934,"comment_status":"open","ping_status":"closed","template":"","meta":[],"product_cat":[447,464],"product_tag":[173],"_links":{"self":[{"href":"https:\/\/dev.cautex.com\/fr\/wp-json\/wp\/v2\/product\/3097"}],"collection":[{"href":"https:\/\/dev.cautex.com\/fr\/wp-json\/wp\/v2\/product"}],"about":[{"href":"https:\/\/dev.cautex.com\/fr\/wp-json\/wp\/v2\/types\/product"}],"replies":[{"embeddable":true,"href":"https:\/\/dev.cautex.com\/fr\/wp-json\/wp\/v2\/comments?post=3097"}],"wp:featuredmedia":[{"embeddable":true,"href":"https:\/\/dev.cautex.com\/fr\/wp-json\/wp\/v2\/media\/1934"}],"wp:attachment":[{"href":"https:\/\/dev.cautex.com\/fr\/wp-json\/wp\/v2\/media?parent=3097"}],"wp:term":[{"taxonomy":"product_cat","embeddable":true,"href":"https:\/\/dev.cautex.com\/fr\/wp-json\/wp\/v2\/product_cat?post=3097"},{"taxonomy":"product_tag","embeddable":true,"href":"https:\/\/dev.cautex.com\/fr\/wp-json\/wp\/v2\/product_tag?post=3097"}],"curies":[{"name":"wp","href":"https:\/\/api.w.org\/{rel}","templated":true}]}}