{"id":3096,"date":"2022-07-06T08:20:51","date_gmt":"2022-07-06T08:20:51","guid":{"rendered":"https:\/\/www.cautex.com\/producto\/valve-de-vapeur-du-moteur"},"modified":"2022-07-06T08:20:51","modified_gmt":"2022-07-06T08:20:51","slug":"valve-de-vapeur-du-moteur","status":"publish","type":"product","link":"https:\/\/dev.cautex.com\/fr\/producto\/valve-de-vapeur-du-moteur\/","title":{"rendered":"VALVE DE VAPEUR DU MOTEUR"},"content":{"rendered":"<p>La vanne PCV a pour fonction de lib\u00e9rer la pression pr\u00e9sente dans le carter apr\u00e8s actionnement du piston et de l&rsquo;augmentation de la temp\u00e9rature \u00e0 l&rsquo;int\u00e9rieur du moteur. Elle permet le passage de vapeurs dans une seule direction, depuis l&rsquo;int\u00e9rieur du moteur vers le collecteur d&rsquo;admission, assurant de cette fa\u00e7on la fonction de non-retour.<\/p>\n","protected":false},"excerpt":{"rendered":"<p>La vanne PCV a pour fonction de lib\u00e9rer la pression pr\u00e9sente dans le carter apr\u00e8s actionnement du piston et de l&rsquo;augmentation de la temp\u00e9rature \u00e0 l&rsquo;int\u00e9rieur du moteur. Elle permet le passage de vapeurs dans une seule direction, depuis l&rsquo;int\u00e9rieur du moteur vers le collecteur d&rsquo;admission, assurant de cette fa\u00e7on la fonction de non-retour.<\/p>\n","protected":false},"featured_media":2042,"comment_status":"open","ping_status":"closed","template":"","meta":[],"product_cat":[515,523],"product_tag":[204],"_links":{"self":[{"href":"https:\/\/dev.cautex.com\/fr\/wp-json\/wp\/v2\/product\/3096"}],"collection":[{"href":"https:\/\/dev.cautex.com\/fr\/wp-json\/wp\/v2\/product"}],"about":[{"href":"https:\/\/dev.cautex.com\/fr\/wp-json\/wp\/v2\/types\/product"}],"replies":[{"embeddable":true,"href":"https:\/\/dev.cautex.com\/fr\/wp-json\/wp\/v2\/comments?post=3096"}],"wp:featuredmedia":[{"embeddable":true,"href":"https:\/\/dev.cautex.com\/fr\/wp-json\/wp\/v2\/media\/2042"}],"wp:attachment":[{"href":"https:\/\/dev.cautex.com\/fr\/wp-json\/wp\/v2\/media?parent=3096"}],"wp:term":[{"taxonomy":"product_cat","embeddable":true,"href":"https:\/\/dev.cautex.com\/fr\/wp-json\/wp\/v2\/product_cat?post=3096"},{"taxonomy":"product_tag","embeddable":true,"href":"https:\/\/dev.cautex.com\/fr\/wp-json\/wp\/v2\/product_tag?post=3096"}],"curies":[{"name":"wp","href":"https:\/\/api.w.org\/{rel}","templated":true}]}}