{"id":3095,"date":"2022-07-05T08:40:15","date_gmt":"2022-07-05T08:40:15","guid":{"rendered":"https:\/\/www.cautex.com\/producto\/kits-transmision-elastiques"},"modified":"2022-07-05T08:40:15","modified_gmt":"2022-07-05T08:40:15","slug":"kits-transmision-elastiques","status":"publish","type":"product","link":"https:\/\/dev.cautex.com\/fr\/producto\/kits-transmision-elastiques\/","title":{"rendered":"KITS TRANSMISION \u00c9LASTIQUES"},"content":{"rendered":"<p>Gamme sp\u00e9cifique de kits de soufflets de r\u00e9paration de la transmission de l&rsquo;automobile, de diff\u00e9rentes tailles et formes, d\u00e9velopp\u00e9s avec un caoutchouc ou n\u00e9opr\u00e8ne de grande \u00e9lasticit\u00e9 qui permet un rapide assemblage au moyen d&rsquo;un c\u00f4ne ou une machine pneumatique. Ils ont le m\u00eame design sp\u00e9cifique de la marque pour chacun de ses diff\u00e9rents mod\u00e8les.<\/p>\n","protected":false},"excerpt":{"rendered":"<p>Gamme sp\u00e9cifique de kits de soufflets de r\u00e9paration de la transmission de l&rsquo;automobile, de diff\u00e9rentes tailles et formes, d\u00e9velopp\u00e9s avec un caoutchouc ou n\u00e9opr\u00e8ne de grande \u00e9lasticit\u00e9 qui permet un rapide assemblage au moyen d&rsquo;un c\u00f4ne ou une machine pneumatique. Ils ont le m\u00eame design sp\u00e9cifique de la marque pour chacun de ses diff\u00e9rents mod\u00e8les.<\/p>\n","protected":false},"featured_media":1955,"comment_status":"open","ping_status":"closed","template":"","meta":[],"product_cat":[480,481],"product_tag":[178],"_links":{"self":[{"href":"https:\/\/dev.cautex.com\/fr\/wp-json\/wp\/v2\/product\/3095"}],"collection":[{"href":"https:\/\/dev.cautex.com\/fr\/wp-json\/wp\/v2\/product"}],"about":[{"href":"https:\/\/dev.cautex.com\/fr\/wp-json\/wp\/v2\/types\/product"}],"replies":[{"embeddable":true,"href":"https:\/\/dev.cautex.com\/fr\/wp-json\/wp\/v2\/comments?post=3095"}],"wp:featuredmedia":[{"embeddable":true,"href":"https:\/\/dev.cautex.com\/fr\/wp-json\/wp\/v2\/media\/1955"}],"wp:attachment":[{"href":"https:\/\/dev.cautex.com\/fr\/wp-json\/wp\/v2\/media?parent=3095"}],"wp:term":[{"taxonomy":"product_cat","embeddable":true,"href":"https:\/\/dev.cautex.com\/fr\/wp-json\/wp\/v2\/product_cat?post=3095"},{"taxonomy":"product_tag","embeddable":true,"href":"https:\/\/dev.cautex.com\/fr\/wp-json\/wp\/v2\/product_tag?post=3095"}],"curies":[{"name":"wp","href":"https:\/\/api.w.org\/{rel}","templated":true}]}}