{"id":3094,"date":"2022-07-06T08:11:46","date_gmt":"2022-07-06T08:11:46","guid":{"rendered":"https:\/\/www.cautex.com\/producto\/vannes-egr"},"modified":"2022-07-06T08:11:46","modified_gmt":"2022-07-06T08:11:46","slug":"vannes-egr","status":"publish","type":"product","link":"https:\/\/dev.cautex.com\/fr\/producto\/vannes-egr\/","title":{"rendered":"VANNES EGR"},"content":{"rendered":"<p>Avec Cautex, vous trouverez une grande vari\u00e9t\u00e9 de vannes EGR, avec un syst\u00e8me de pointe anti-pollution \u00e0 travers lequel les gaz d&rsquo;\u00e9chappement sont remis en circuit \u00e0 l&rsquo;admission ce qui permet de r\u00e9duire la quantit\u00e9 de gaz nocifs \u00e9mis par votre v\u00e9hicule.<\/p>\n","protected":false},"excerpt":{"rendered":"<p>Avec Cautex, vous trouverez une grande vari\u00e9t\u00e9 de vannes EGR, avec un syst\u00e8me de pointe anti-pollution \u00e0 travers lequel les gaz d&rsquo;\u00e9chappement sont remis en circuit \u00e0 l&rsquo;admission ce qui permet de r\u00e9duire la quantit\u00e9 de gaz nocifs \u00e9mis par votre v\u00e9hicule.<\/p>\n","protected":false},"featured_media":2027,"comment_status":"open","ping_status":"closed","template":"","meta":[],"product_cat":[488,489],"product_tag":[199],"_links":{"self":[{"href":"https:\/\/dev.cautex.com\/fr\/wp-json\/wp\/v2\/product\/3094"}],"collection":[{"href":"https:\/\/dev.cautex.com\/fr\/wp-json\/wp\/v2\/product"}],"about":[{"href":"https:\/\/dev.cautex.com\/fr\/wp-json\/wp\/v2\/types\/product"}],"replies":[{"embeddable":true,"href":"https:\/\/dev.cautex.com\/fr\/wp-json\/wp\/v2\/comments?post=3094"}],"wp:featuredmedia":[{"embeddable":true,"href":"https:\/\/dev.cautex.com\/fr\/wp-json\/wp\/v2\/media\/2027"}],"wp:attachment":[{"href":"https:\/\/dev.cautex.com\/fr\/wp-json\/wp\/v2\/media?parent=3094"}],"wp:term":[{"taxonomy":"product_cat","embeddable":true,"href":"https:\/\/dev.cautex.com\/fr\/wp-json\/wp\/v2\/product_cat?post=3094"},{"taxonomy":"product_tag","embeddable":true,"href":"https:\/\/dev.cautex.com\/fr\/wp-json\/wp\/v2\/product_tag?post=3094"}],"curies":[{"name":"wp","href":"https:\/\/api.w.org\/{rel}","templated":true}]}}