{"id":3093,"date":"2022-07-01T10:58:39","date_gmt":"2022-07-01T10:58:39","guid":{"rendered":"https:\/\/www.cautex.com\/producto\/support-et-tampons-amortisseurs"},"modified":"2022-07-01T10:58:39","modified_gmt":"2022-07-01T10:58:39","slug":"support-et-tampons-amortisseurs","status":"publish","type":"product","link":"https:\/\/dev.cautex.com\/fr\/producto\/support-et-tampons-amortisseurs\/","title":{"rendered":"SUPPORT ET TAMPONS AMORTISSEURS"},"content":{"rendered":"<p>Un ensemble de supports et de but\u00e9es de suspension qui assurent la continuit\u00e9 de la suspension et pr\u00e9viennent un possible arr\u00eat de son fonctionnement en stoppant une compression excessive du syst\u00e8me de suspension. En outre, ces but\u00e9es \u00e9vitent un contact abrupt entre les diff\u00e9rentes parties telles que la suspension et la carrosserie.<\/p>\n","protected":false},"excerpt":{"rendered":"<p>Un ensemble de supports et de but\u00e9es de suspension qui assurent la continuit\u00e9 de la suspension et pr\u00e9viennent un possible arr\u00eat de son fonctionnement en stoppant une compression excessive du syst\u00e8me de suspension. En outre, ces but\u00e9es \u00e9vitent un contact abrupt entre les diff\u00e9rentes parties telles que la suspension et la carrosserie.<\/p>\n","protected":false},"featured_media":1889,"comment_status":"open","ping_status":"closed","template":"","meta":[],"product_cat":[447,465],"product_tag":[159],"_links":{"self":[{"href":"https:\/\/dev.cautex.com\/fr\/wp-json\/wp\/v2\/product\/3093"}],"collection":[{"href":"https:\/\/dev.cautex.com\/fr\/wp-json\/wp\/v2\/product"}],"about":[{"href":"https:\/\/dev.cautex.com\/fr\/wp-json\/wp\/v2\/types\/product"}],"replies":[{"embeddable":true,"href":"https:\/\/dev.cautex.com\/fr\/wp-json\/wp\/v2\/comments?post=3093"}],"wp:featuredmedia":[{"embeddable":true,"href":"https:\/\/dev.cautex.com\/fr\/wp-json\/wp\/v2\/media\/1889"}],"wp:attachment":[{"href":"https:\/\/dev.cautex.com\/fr\/wp-json\/wp\/v2\/media?parent=3093"}],"wp:term":[{"taxonomy":"product_cat","embeddable":true,"href":"https:\/\/dev.cautex.com\/fr\/wp-json\/wp\/v2\/product_cat?post=3093"},{"taxonomy":"product_tag","embeddable":true,"href":"https:\/\/dev.cautex.com\/fr\/wp-json\/wp\/v2\/product_tag?post=3093"}],"curies":[{"name":"wp","href":"https:\/\/api.w.org\/{rel}","templated":true}]}}