{"id":3092,"date":"2022-07-04T11:03:39","date_gmt":"2022-07-04T11:03:39","guid":{"rendered":"https:\/\/www.cautex.com\/producto\/jeu-chaine-de-distribution"},"modified":"2022-07-04T11:03:39","modified_gmt":"2022-07-04T11:03:39","slug":"jeu-chaine-de-distribution","status":"publish","type":"product","link":"https:\/\/dev.cautex.com\/fr\/producto\/jeu-chaine-de-distribution\/","title":{"rendered":"JEU CHAINE DE DISTRIBUTION"},"content":{"rendered":"<p>Nos kits cha\u00eene de distribution sont compos\u00e9s d&rsquo;une cha\u00eene (certains kits incorporent la cha\u00eene pour la pompe \u00e0 huile), pignons (arbre \u00e0 came et vilebrequin), tendeur et rails de guidage. Le tout est pr\u00e9par\u00e9 afin de faciliter le travail des m\u00e9caniciens.<\/p>\n","protected":false},"excerpt":{"rendered":"<p>Nos kits cha\u00eene de distribution sont compos\u00e9s d&rsquo;une cha\u00eene (certains kits incorporent la cha\u00eene pour la pompe \u00e0 huile), pignons (arbre \u00e0 came et vilebrequin), tendeur et rails de guidage. Le tout est pr\u00e9par\u00e9 afin de faciliter le travail des m\u00e9caniciens.<\/p>\n","protected":false},"featured_media":1907,"comment_status":"open","ping_status":"closed","template":"","meta":[],"product_cat":[447,454],"product_tag":[164],"_links":{"self":[{"href":"https:\/\/dev.cautex.com\/fr\/wp-json\/wp\/v2\/product\/3092"}],"collection":[{"href":"https:\/\/dev.cautex.com\/fr\/wp-json\/wp\/v2\/product"}],"about":[{"href":"https:\/\/dev.cautex.com\/fr\/wp-json\/wp\/v2\/types\/product"}],"replies":[{"embeddable":true,"href":"https:\/\/dev.cautex.com\/fr\/wp-json\/wp\/v2\/comments?post=3092"}],"wp:featuredmedia":[{"embeddable":true,"href":"https:\/\/dev.cautex.com\/fr\/wp-json\/wp\/v2\/media\/1907"}],"wp:attachment":[{"href":"https:\/\/dev.cautex.com\/fr\/wp-json\/wp\/v2\/media?parent=3092"}],"wp:term":[{"taxonomy":"product_cat","embeddable":true,"href":"https:\/\/dev.cautex.com\/fr\/wp-json\/wp\/v2\/product_cat?post=3092"},{"taxonomy":"product_tag","embeddable":true,"href":"https:\/\/dev.cautex.com\/fr\/wp-json\/wp\/v2\/product_tag?post=3092"}],"curies":[{"name":"wp","href":"https:\/\/api.w.org\/{rel}","templated":true}]}}