{"id":3091,"date":"2022-07-12T07:33:40","date_gmt":"2022-07-12T07:33:40","guid":{"rendered":"https:\/\/www.cautex.com\/producto\/kits-de-juntas-homocineticas"},"modified":"2022-07-12T07:33:40","modified_gmt":"2022-07-12T07:33:40","slug":"kits-de-juntas-homocineticas","status":"publish","type":"product","link":"https:\/\/dev.cautex.com\/fr\/producto\/kits-de-juntas-homocineticas\/","title":{"rendered":"KITS DE JUNTAS HOMOCIN\u00c9TICAS"},"content":{"rendered":"<p>Le joint homocin\u00e9tique qui permet \u00e0 direction de se d\u00e9placer sur les c\u00f4t\u00e9s et \u00e0 la suspension de bouger de haut en bas, est en charge de transmettre parfaitement la force de rotation aux roues sans endommager aucun \u00e9l\u00e9ment. Nos kits, qui comprennent un joint homocin\u00e9tique, un soufflet, les brides et la graisse, sont con\u00e7us pour un parfait ajustement et garantir une suret\u00e9 optimale au moment de la r\u00e9paration du v\u00e9hicule.<\/p>\n","protected":false},"excerpt":{"rendered":"<p>Le joint homocin\u00e9tique qui permet \u00e0 direction de se d\u00e9placer sur les c\u00f4t\u00e9s et \u00e0 la suspension de bouger de haut en bas, est en charge de transmettre parfaitement la force de rotation aux roues sans endommager aucun \u00e9l\u00e9ment. Nos kits, qui comprennent un joint homocin\u00e9tique, un soufflet, les brides et la graisse, sont con\u00e7us [&hellip;]<\/p>\n","protected":false},"featured_media":2961,"comment_status":"open","ping_status":"closed","template":"","meta":[],"product_cat":[447,468],"product_tag":[435],"_links":{"self":[{"href":"https:\/\/dev.cautex.com\/fr\/wp-json\/wp\/v2\/product\/3091"}],"collection":[{"href":"https:\/\/dev.cautex.com\/fr\/wp-json\/wp\/v2\/product"}],"about":[{"href":"https:\/\/dev.cautex.com\/fr\/wp-json\/wp\/v2\/types\/product"}],"replies":[{"embeddable":true,"href":"https:\/\/dev.cautex.com\/fr\/wp-json\/wp\/v2\/comments?post=3091"}],"wp:featuredmedia":[{"embeddable":true,"href":"https:\/\/dev.cautex.com\/fr\/wp-json\/wp\/v2\/media\/2961"}],"wp:attachment":[{"href":"https:\/\/dev.cautex.com\/fr\/wp-json\/wp\/v2\/media?parent=3091"}],"wp:term":[{"taxonomy":"product_cat","embeddable":true,"href":"https:\/\/dev.cautex.com\/fr\/wp-json\/wp\/v2\/product_cat?post=3091"},{"taxonomy":"product_tag","embeddable":true,"href":"https:\/\/dev.cautex.com\/fr\/wp-json\/wp\/v2\/product_tag?post=3091"}],"curies":[{"name":"wp","href":"https:\/\/api.w.org\/{rel}","templated":true}]}}