{"id":3090,"date":"2022-07-01T10:11:00","date_gmt":"2022-07-01T10:11:00","guid":{"rendered":"https:\/\/www.cautex.com\/producto\/poulies-villebrequin"},"modified":"2022-07-01T10:11:00","modified_gmt":"2022-07-01T10:11:00","slug":"poulies-villebrequin","status":"publish","type":"product","link":"https:\/\/dev.cautex.com\/fr\/producto\/poulies-villebrequin\/","title":{"rendered":"POULIES VILLEBREQUIN"},"content":{"rendered":"<p>Des poulies qui ont pour fonction d&rsquo;amortir les vibrations, en absorbant les chocs, la tension de la courroie de distribution. Nos poulies sont \u00e9quilibr\u00e9es et calibr\u00e9es pi\u00e8ce par pi\u00e8ce.<\/p>\n","protected":false},"excerpt":{"rendered":"<p>Des poulies qui ont pour fonction d&rsquo;amortir les vibrations, en absorbant les chocs, la tension de la courroie de distribution. Nos poulies sont \u00e9quilibr\u00e9es et calibr\u00e9es pi\u00e8ce par pi\u00e8ce.<\/p>\n","protected":false},"featured_media":1850,"comment_status":"open","ping_status":"closed","template":"","meta":[],"product_cat":[485,487],"product_tag":[146],"_links":{"self":[{"href":"https:\/\/dev.cautex.com\/fr\/wp-json\/wp\/v2\/product\/3090"}],"collection":[{"href":"https:\/\/dev.cautex.com\/fr\/wp-json\/wp\/v2\/product"}],"about":[{"href":"https:\/\/dev.cautex.com\/fr\/wp-json\/wp\/v2\/types\/product"}],"replies":[{"embeddable":true,"href":"https:\/\/dev.cautex.com\/fr\/wp-json\/wp\/v2\/comments?post=3090"}],"wp:featuredmedia":[{"embeddable":true,"href":"https:\/\/dev.cautex.com\/fr\/wp-json\/wp\/v2\/media\/1850"}],"wp:attachment":[{"href":"https:\/\/dev.cautex.com\/fr\/wp-json\/wp\/v2\/media?parent=3090"}],"wp:term":[{"taxonomy":"product_cat","embeddable":true,"href":"https:\/\/dev.cautex.com\/fr\/wp-json\/wp\/v2\/product_cat?post=3090"},{"taxonomy":"product_tag","embeddable":true,"href":"https:\/\/dev.cautex.com\/fr\/wp-json\/wp\/v2\/product_tag?post=3090"}],"curies":[{"name":"wp","href":"https:\/\/api.w.org\/{rel}","templated":true}]}}