{"id":3089,"date":"2022-07-12T07:41:15","date_gmt":"2022-07-12T07:41:15","guid":{"rendered":"https:\/\/www.cautex.com\/producto\/capteur-dimpulsions-du-vilebrequin"},"modified":"2022-07-12T07:41:15","modified_gmt":"2022-07-12T07:41:15","slug":"capteur-dimpulsions-du-vilebrequin","status":"publish","type":"product","link":"https:\/\/dev.cautex.com\/fr\/producto\/capteur-dimpulsions-du-vilebrequin\/","title":{"rendered":"CAPTEUR D&rsquo;IMPULSIONS DU VILEBREQUIN"},"content":{"rendered":"<p>Le capteur du vilebrequin transmet l&rsquo;une des informations les plus importantes dans le syst\u00e8me de contr\u00f4le du moteur. Sa t\u00e2che consiste \u00e0 enregistrer le nombre de rotations et la position de l&rsquo;axe du vilebrequin et de transmettre les informations \u00e0 la commande centrale du moteur par le biais d&rsquo;un signal \u00e9lectrique. Dans cette page vous verrez comment le capteur du vilebrequin fonctionne et ce qui doit \u00eatre pris en compte au moment du contr\u00f4le du capteur afin d&rsquo;\u00e9viter les failles.<\/p>\n","protected":false},"excerpt":{"rendered":"<p>Le capteur du vilebrequin transmet l&rsquo;une des informations les plus importantes dans le syst\u00e8me de contr\u00f4le du moteur. Sa t\u00e2che consiste \u00e0 enregistrer le nombre de rotations et la position de l&rsquo;axe du vilebrequin et de transmettre les informations \u00e0 la commande centrale du moteur par le biais d&rsquo;un signal \u00e9lectrique. Dans cette page vous [&hellip;]<\/p>\n","protected":false},"featured_media":3003,"comment_status":"open","ping_status":"closed","template":"","meta":[],"product_cat":[475,472],"product_tag":[],"_links":{"self":[{"href":"https:\/\/dev.cautex.com\/fr\/wp-json\/wp\/v2\/product\/3089"}],"collection":[{"href":"https:\/\/dev.cautex.com\/fr\/wp-json\/wp\/v2\/product"}],"about":[{"href":"https:\/\/dev.cautex.com\/fr\/wp-json\/wp\/v2\/types\/product"}],"replies":[{"embeddable":true,"href":"https:\/\/dev.cautex.com\/fr\/wp-json\/wp\/v2\/comments?post=3089"}],"wp:featuredmedia":[{"embeddable":true,"href":"https:\/\/dev.cautex.com\/fr\/wp-json\/wp\/v2\/media\/3003"}],"wp:attachment":[{"href":"https:\/\/dev.cautex.com\/fr\/wp-json\/wp\/v2\/media?parent=3089"}],"wp:term":[{"taxonomy":"product_cat","embeddable":true,"href":"https:\/\/dev.cautex.com\/fr\/wp-json\/wp\/v2\/product_cat?post=3089"},{"taxonomy":"product_tag","embeddable":true,"href":"https:\/\/dev.cautex.com\/fr\/wp-json\/wp\/v2\/product_tag?post=3089"}],"curies":[{"name":"wp","href":"https:\/\/api.w.org\/{rel}","templated":true}]}}