{"id":3088,"date":"2022-07-12T07:36:42","date_gmt":"2022-07-12T07:36:42","guid":{"rendered":"https:\/\/www.cautex.com\/producto\/rotule-barre-daccouplement"},"modified":"2022-07-13T09:49:55","modified_gmt":"2022-07-13T09:49:55","slug":"rotule-barre-daccouplement","status":"publish","type":"product","link":"https:\/\/dev.cautex.com\/fr\/producto\/rotule-barre-daccouplement\/","title":{"rendered":"BARRE D&rsquo;ACCOUPLEMENT \u00c0 ROTULE"},"content":{"rendered":"<p>Les barres d&rsquo;accouplement (tige centrale) sont des composants de la direction qui transmettent le mouvement giratoire de la bo\u00eete de direction \u00e0 une deuxi\u00e8me articulation. Il s&rsquo;agit l\u00e0 de la connexion centrale des bo\u00eetes de direction et elle doit \u00eatre solide et durable.<\/p>\n","protected":false},"excerpt":{"rendered":"<p>Les barres d&rsquo;accouplement (tige centrale) sont des composants de la direction qui transmettent le mouvement giratoire de la bo\u00eete de direction \u00e0 une deuxi\u00e8me articulation. Il s&rsquo;agit l\u00e0 de la connexion centrale des bo\u00eetes de direction et elle doit \u00eatre solide et durable.<\/p>\n","protected":false},"featured_media":2975,"comment_status":"open","ping_status":"closed","template":"","meta":[],"product_cat":[447,469],"product_tag":[],"_links":{"self":[{"href":"https:\/\/dev.cautex.com\/fr\/wp-json\/wp\/v2\/product\/3088"}],"collection":[{"href":"https:\/\/dev.cautex.com\/fr\/wp-json\/wp\/v2\/product"}],"about":[{"href":"https:\/\/dev.cautex.com\/fr\/wp-json\/wp\/v2\/types\/product"}],"replies":[{"embeddable":true,"href":"https:\/\/dev.cautex.com\/fr\/wp-json\/wp\/v2\/comments?post=3088"}],"wp:featuredmedia":[{"embeddable":true,"href":"https:\/\/dev.cautex.com\/fr\/wp-json\/wp\/v2\/media\/2975"}],"wp:attachment":[{"href":"https:\/\/dev.cautex.com\/fr\/wp-json\/wp\/v2\/media?parent=3088"}],"wp:term":[{"taxonomy":"product_cat","embeddable":true,"href":"https:\/\/dev.cautex.com\/fr\/wp-json\/wp\/v2\/product_cat?post=3088"},{"taxonomy":"product_tag","embeddable":true,"href":"https:\/\/dev.cautex.com\/fr\/wp-json\/wp\/v2\/product_tag?post=3088"}],"curies":[{"name":"wp","href":"https:\/\/api.w.org\/{rel}","templated":true}]}}