{"id":3087,"date":"2022-07-06T07:54:19","date_gmt":"2022-07-06T07:54:19","guid":{"rendered":"https:\/\/www.cautex.com\/producto\/couvrecercle-thermostat-et-robinets"},"modified":"2022-07-06T07:54:19","modified_gmt":"2022-07-06T07:54:19","slug":"couvrecercle-thermostat-et-robinets","status":"publish","type":"product","link":"https:\/\/dev.cautex.com\/fr\/producto\/couvrecercle-thermostat-et-robinets\/","title":{"rendered":"COUVRECERCLE THERMOSTAT ET ROBINETS"},"content":{"rendered":"<p>Gamme sp\u00e9cifique de couvercle de thermostat (avec ou sans thermostat) et robinets. Nos produits offrent une grande fiabilit\u00e9 lorsqu&rsquo;il s&rsquo;agit de d\u00e9tecter la temp\u00e9rature du moteur \u00e0 tout moment, avec effet pr\u00e9ventif et permettant la circulation du liquide r\u00e9frig\u00e9rant du moteur vers le radiateur, en mod\u00e9rant la temp\u00e9rature du moteur et en emp\u00eachant une surchauffe de celui-ci.<\/p>\n","protected":false},"excerpt":{"rendered":"<p>Gamme sp\u00e9cifique de couvercle de thermostat (avec ou sans thermostat) et robinets. Nos produits offrent une grande fiabilit\u00e9 lorsqu&rsquo;il s&rsquo;agit de d\u00e9tecter la temp\u00e9rature du moteur \u00e0 tout moment, avec effet pr\u00e9ventif et permettant la circulation du liquide r\u00e9frig\u00e9rant du moteur vers le radiateur, en mod\u00e9rant la temp\u00e9rature du moteur et en emp\u00eachant une surchauffe [&hellip;]<\/p>\n","protected":false},"featured_media":1991,"comment_status":"open","ping_status":"closed","template":"","meta":[],"product_cat":[490,500],"product_tag":[],"_links":{"self":[{"href":"https:\/\/dev.cautex.com\/fr\/wp-json\/wp\/v2\/product\/3087"}],"collection":[{"href":"https:\/\/dev.cautex.com\/fr\/wp-json\/wp\/v2\/product"}],"about":[{"href":"https:\/\/dev.cautex.com\/fr\/wp-json\/wp\/v2\/types\/product"}],"replies":[{"embeddable":true,"href":"https:\/\/dev.cautex.com\/fr\/wp-json\/wp\/v2\/comments?post=3087"}],"wp:featuredmedia":[{"embeddable":true,"href":"https:\/\/dev.cautex.com\/fr\/wp-json\/wp\/v2\/media\/1991"}],"wp:attachment":[{"href":"https:\/\/dev.cautex.com\/fr\/wp-json\/wp\/v2\/media?parent=3087"}],"wp:term":[{"taxonomy":"product_cat","embeddable":true,"href":"https:\/\/dev.cautex.com\/fr\/wp-json\/wp\/v2\/product_cat?post=3087"},{"taxonomy":"product_tag","embeddable":true,"href":"https:\/\/dev.cautex.com\/fr\/wp-json\/wp\/v2\/product_tag?post=3087"}],"curies":[{"name":"wp","href":"https:\/\/api.w.org\/{rel}","templated":true}]}}