{"id":3086,"date":"2022-07-12T07:53:29","date_gmt":"2022-07-12T07:53:29","guid":{"rendered":"https:\/\/www.cautex.com\/producto\/commutateurs"},"modified":"2022-07-12T07:53:29","modified_gmt":"2022-07-12T07:53:29","slug":"commutateurs","status":"publish","type":"product","link":"https:\/\/dev.cautex.com\/fr\/producto\/commutateurs\/","title":{"rendered":"COMMUTATEURS"},"content":{"rendered":"<p>Le commutateur dans une automobile est un dispositif capable de changer les connexions de deux (ou plus) des circuits \u00e9lectriques. G\u00e9n\u00e9ralement, le changement des connexions se fait en tournant ou en d\u00e9pla\u00e7ant un commutateur, un \u00e9l\u00e9ment qui \u00e9tablit ou interrompt la connexion avec les contacts \u00e9tablis.<\/p>\n<p>&nbsp;<\/p>\n","protected":false},"excerpt":{"rendered":"<p>Le commutateur dans une automobile est un dispositif capable de changer les connexions de deux (ou plus) des circuits \u00e9lectriques. G\u00e9n\u00e9ralement, le changement des connexions se fait en tournant ou en d\u00e9pla\u00e7ant un commutateur, un \u00e9l\u00e9ment qui \u00e9tablit ou interrompt la connexion avec les contacts \u00e9tablis. &nbsp;<\/p>\n","protected":false},"featured_media":3961,"comment_status":"open","ping_status":"closed","template":"","meta":[],"product_cat":[526,515],"product_tag":[],"_links":{"self":[{"href":"https:\/\/dev.cautex.com\/fr\/wp-json\/wp\/v2\/product\/3086"}],"collection":[{"href":"https:\/\/dev.cautex.com\/fr\/wp-json\/wp\/v2\/product"}],"about":[{"href":"https:\/\/dev.cautex.com\/fr\/wp-json\/wp\/v2\/types\/product"}],"replies":[{"embeddable":true,"href":"https:\/\/dev.cautex.com\/fr\/wp-json\/wp\/v2\/comments?post=3086"}],"wp:featuredmedia":[{"embeddable":true,"href":"https:\/\/dev.cautex.com\/fr\/wp-json\/wp\/v2\/media\/3961"}],"wp:attachment":[{"href":"https:\/\/dev.cautex.com\/fr\/wp-json\/wp\/v2\/media?parent=3086"}],"wp:term":[{"taxonomy":"product_cat","embeddable":true,"href":"https:\/\/dev.cautex.com\/fr\/wp-json\/wp\/v2\/product_cat?post=3086"},{"taxonomy":"product_tag","embeddable":true,"href":"https:\/\/dev.cautex.com\/fr\/wp-json\/wp\/v2\/product_tag?post=3086"}],"curies":[{"name":"wp","href":"https:\/\/api.w.org\/{rel}","templated":true}]}}