{"id":3085,"date":"2022-07-05T07:18:05","date_gmt":"2022-07-05T07:18:05","guid":{"rendered":"https:\/\/www.cautex.com\/producto\/bielletes-changement"},"modified":"2022-07-05T07:18:05","modified_gmt":"2022-07-05T07:18:05","slug":"bielletes-changement","status":"publish","type":"product","link":"https:\/\/dev.cautex.com\/fr\/producto\/bielletes-changement\/","title":{"rendered":"BIELLETES CHANGEMENT"},"content":{"rendered":"<p>Tringlerie de vitesse, essentielle pour un bon fonctionnement de la bo\u00eete \u00e0 vitesse. Cautex offre un design et des caract\u00e9ristiques techniques sp\u00e9cifiques selon la marque pour chacun des diff\u00e9rents mod\u00e8les.<\/p>\n","protected":false},"excerpt":{"rendered":"<p>Tringlerie de vitesse, essentielle pour un bon fonctionnement de la bo\u00eete \u00e0 vitesse. Cautex offre un design et des caract\u00e9ristiques techniques sp\u00e9cifiques selon la marque pour chacun des diff\u00e9rents mod\u00e8les.<\/p>\n","protected":false},"featured_media":1916,"comment_status":"open","ping_status":"closed","template":"","meta":[],"product_cat":[448,447],"product_tag":[167],"_links":{"self":[{"href":"https:\/\/dev.cautex.com\/fr\/wp-json\/wp\/v2\/product\/3085"}],"collection":[{"href":"https:\/\/dev.cautex.com\/fr\/wp-json\/wp\/v2\/product"}],"about":[{"href":"https:\/\/dev.cautex.com\/fr\/wp-json\/wp\/v2\/types\/product"}],"replies":[{"embeddable":true,"href":"https:\/\/dev.cautex.com\/fr\/wp-json\/wp\/v2\/comments?post=3085"}],"wp:featuredmedia":[{"embeddable":true,"href":"https:\/\/dev.cautex.com\/fr\/wp-json\/wp\/v2\/media\/1916"}],"wp:attachment":[{"href":"https:\/\/dev.cautex.com\/fr\/wp-json\/wp\/v2\/media?parent=3085"}],"wp:term":[{"taxonomy":"product_cat","embeddable":true,"href":"https:\/\/dev.cautex.com\/fr\/wp-json\/wp\/v2\/product_cat?post=3085"},{"taxonomy":"product_tag","embeddable":true,"href":"https:\/\/dev.cautex.com\/fr\/wp-json\/wp\/v2\/product_tag?post=3085"}],"curies":[{"name":"wp","href":"https:\/\/api.w.org\/{rel}","templated":true}]}}