{"id":3084,"date":"2022-07-05T07:59:33","date_gmt":"2022-07-05T07:59:33","guid":{"rendered":"https:\/\/www.cautex.com\/producto\/supports-carburateur"},"modified":"2022-07-05T07:59:33","modified_gmt":"2022-07-05T07:59:33","slug":"supports-carburateur","status":"publish","type":"product","link":"https:\/\/dev.cautex.com\/fr\/producto\/supports-carburateur\/","title":{"rendered":"SUPPORTS CARBURATEUR"},"content":{"rendered":"<p>Le carburateur est un \u00e9l\u00e9ment m\u00e9canique cl\u00e9, puisqu&rsquo;il a pour fonction de maintenir un m\u00e9lange homog\u00e8ne d&rsquo;air et de carburant dans de bonnes proportions pour un bon fonctionnement de chaque moteur. Pour son bon fonctionnement, il est n\u00e9cessaire qu&rsquo;il soit bien fix\u00e9 au support.<\/p>\n","protected":false},"excerpt":{"rendered":"<p>Le carburateur est un \u00e9l\u00e9ment m\u00e9canique cl\u00e9, puisqu&rsquo;il a pour fonction de maintenir un m\u00e9lange homog\u00e8ne d&rsquo;air et de carburant dans de bonnes proportions pour un bon fonctionnement de chaque moteur. Pour son bon fonctionnement, il est n\u00e9cessaire qu&rsquo;il soit bien fix\u00e9 au support.<\/p>\n","protected":false},"featured_media":1937,"comment_status":"open","ping_status":"closed","template":"","meta":[],"product_cat":[447,462],"product_tag":[174],"_links":{"self":[{"href":"https:\/\/dev.cautex.com\/fr\/wp-json\/wp\/v2\/product\/3084"}],"collection":[{"href":"https:\/\/dev.cautex.com\/fr\/wp-json\/wp\/v2\/product"}],"about":[{"href":"https:\/\/dev.cautex.com\/fr\/wp-json\/wp\/v2\/types\/product"}],"replies":[{"embeddable":true,"href":"https:\/\/dev.cautex.com\/fr\/wp-json\/wp\/v2\/comments?post=3084"}],"wp:featuredmedia":[{"embeddable":true,"href":"https:\/\/dev.cautex.com\/fr\/wp-json\/wp\/v2\/media\/1937"}],"wp:attachment":[{"href":"https:\/\/dev.cautex.com\/fr\/wp-json\/wp\/v2\/media?parent=3084"}],"wp:term":[{"taxonomy":"product_cat","embeddable":true,"href":"https:\/\/dev.cautex.com\/fr\/wp-json\/wp\/v2\/product_cat?post=3084"},{"taxonomy":"product_tag","embeddable":true,"href":"https:\/\/dev.cautex.com\/fr\/wp-json\/wp\/v2\/product_tag?post=3084"}],"curies":[{"name":"wp","href":"https:\/\/api.w.org\/{rel}","templated":true}]}}