{"id":3083,"date":"2022-07-12T07:43:15","date_gmt":"2022-07-12T07:43:15","guid":{"rendered":"https:\/\/www.cautex.com\/producto\/capteur-de-position-de-larbre-a-cames"},"modified":"2022-07-12T07:43:15","modified_gmt":"2022-07-12T07:43:15","slug":"capteur-de-position-de-larbre-a-cames","status":"publish","type":"product","link":"https:\/\/dev.cautex.com\/fr\/producto\/capteur-de-position-de-larbre-a-cames\/","title":{"rendered":"CAPTEUR DE POSITION DE L&rsquo;ARBRE \u00c0 CAMES"},"content":{"rendered":"<p>Les capteurs de l&rsquo;arbre de came permettent de g\u00e9rer le moteur pour d\u00e9finir avec pr\u00e9cision la position du premier cylindre. Cette information, est utilis\u00e9e, parmi d&rsquo;autres, dans le but de calculer le moment de l&rsquo;allumage et le moment de l&rsquo;injection.<\/p>\n","protected":false},"excerpt":{"rendered":"<p>Les capteurs de l&rsquo;arbre de came permettent de g\u00e9rer le moteur pour d\u00e9finir avec pr\u00e9cision la position du premier cylindre. Cette information, est utilis\u00e9e, parmi d&rsquo;autres, dans le but de calculer le moment de l&rsquo;allumage et le moment de l&rsquo;injection.<\/p>\n","protected":false},"featured_media":2996,"comment_status":"open","ping_status":"closed","template":"","meta":[],"product_cat":[474,472],"product_tag":[],"_links":{"self":[{"href":"https:\/\/dev.cautex.com\/fr\/wp-json\/wp\/v2\/product\/3083"}],"collection":[{"href":"https:\/\/dev.cautex.com\/fr\/wp-json\/wp\/v2\/product"}],"about":[{"href":"https:\/\/dev.cautex.com\/fr\/wp-json\/wp\/v2\/types\/product"}],"replies":[{"embeddable":true,"href":"https:\/\/dev.cautex.com\/fr\/wp-json\/wp\/v2\/comments?post=3083"}],"wp:featuredmedia":[{"embeddable":true,"href":"https:\/\/dev.cautex.com\/fr\/wp-json\/wp\/v2\/media\/2996"}],"wp:attachment":[{"href":"https:\/\/dev.cautex.com\/fr\/wp-json\/wp\/v2\/media?parent=3083"}],"wp:term":[{"taxonomy":"product_cat","embeddable":true,"href":"https:\/\/dev.cautex.com\/fr\/wp-json\/wp\/v2\/product_cat?post=3083"},{"taxonomy":"product_tag","embeddable":true,"href":"https:\/\/dev.cautex.com\/fr\/wp-json\/wp\/v2\/product_tag?post=3083"}],"curies":[{"name":"wp","href":"https:\/\/api.w.org\/{rel}","templated":true}]}}